{"id":2127,"date":"2022-04-11T07:38:21","date_gmt":"2022-04-11T07:38:21","guid":{"rendered":"https:\/\/spczesniki.pl\/?page_id=2127"},"modified":"2026-04-21T08:45:45","modified_gmt":"2026-04-21T08:45:45","slug":"dokumenty","status":"publish","type":"page","link":"https:\/\/spczesniki.pl\/index.php\/dokumenty\/","title":{"rendered":"Dokumenty"},"content":{"rendered":"<p><a href=\"https:\/\/spczesniki.pl\/wp-content\/uploads\/2026\/03\/STATUT-CZESNIKI-NOWELIZACJA-marzec-2026.docx.pdf\">STATUT CZE\u015aNIKI &#8211; NOWELIZACJA marzec 2026.docx<\/a><\/p>\n<p><a href=\"https:\/\/spczesniki.pl\/wp-content\/uploads\/2025\/09\/zadania-nauczycieli.rtf\">zadania nauczycieli<\/a><\/p>\n<p><a href=\"https:\/\/spczesniki.pl\/wp-content\/uploads\/2026\/04\/Program-doradztwo-zawodowe-2026.odt\">Program-doradztwo-zawodowe-2026<\/a><\/p>\n<p><a href=\"https:\/\/doradztwo.ore.edu.pl\/programy-i-wsdz\/\"><strong>https:\/\/doradztwo.ore.edu.pl\/programy-i-wsdz\/<\/strong><\/a><\/p>\n<p><a href=\"https:\/\/spczesniki.pl\/wp-content\/uploads\/2024\/08\/Standardy-Ochrony-Maloletnich.docx\">Standardy Ochrony Ma\u0142oletnich<\/a><a href=\"https:\/\/spczesniki.pl\/wp-content\/uploads\/2023\/10\/STATUT-CZESNIKI-NOWELIZACJA-2.docx\"><br \/>\n<\/a><a href=\"https:\/\/spczesniki.pl\/wp-content\/uploads\/2022\/09\/REGULAMIN-DOWOZU-I-ODWOZU-UCZNIOW-2019.docx\">REGULAMIN DOWOZU I ODWOZU UCZNI\u00d3W <\/a><br \/>\n<a href=\"https:\/\/spczesniki.pl\/wp-content\/uploads\/2022\/09\/Regulamin-Swietlicy-Szkolnej.pdf\">Regulamin \u015awietlicy Szkolnej<\/a><\/p>\n<p><a href=\"https:\/\/spczesniki.pl\/wp-content\/uploads\/2026\/04\/Plan-Pracy-szkoly-2025_2026r.docx\">Plan-Pracy-szkoly-2025_2026r<\/a><\/p>\n<p>&nbsp;<\/p>\n","protected":false},"excerpt":{"rendered":"<p>STATUT CZE\u015aNIKI &#8211; NOWELIZACJA marzec 2026.docx zadania nauczycieli Program-doradztwo-zawodowe-2026 https:\/\/doradztwo.ore.edu.pl\/programy-i-wsdz\/ Standardy Ochrony Ma\u0142oletnich REGULAMIN DOWOZU I ODWOZU UCZNI\u00d3W Regulamin \u015awietlicy Szkolnej Plan-Pracy-szkoly-2025_2026r &nbsp;<\/p>\n","protected":false},"author":1,"featured_media":0,"parent":0,"menu_order":0,"comment_status":"closed","ping_status":"closed","template":"","meta":{"ngg_post_thumbnail":0,"footnotes":""},"class_list":["post-2127","page","type-page","status-publish","hentry"],"_links":{"self":[{"href":"https:\/\/spczesniki.pl\/index.php\/wp-json\/wp\/v2\/pages\/2127","targetHints":{"allow":["GET"]}}],"collection":[{"href":"https:\/\/spczesniki.pl\/index.php\/wp-json\/wp\/v2\/pages"}],"about":[{"href":"https:\/\/spczesniki.pl\/index.php\/wp-json\/wp\/v2\/types\/page"}],"author":[{"embeddable":true,"href":"https:\/\/spczesniki.pl\/index.php\/wp-json\/wp\/v2\/users\/1"}],"replies":[{"embeddable":true,"href":"https:\/\/spczesniki.pl\/index.php\/wp-json\/wp\/v2\/comments?post=2127"}],"version-history":[{"count":25,"href":"https:\/\/spczesniki.pl\/index.php\/wp-json\/wp\/v2\/pages\/2127\/revisions"}],"predecessor-version":[{"id":53013,"href":"https:\/\/spczesniki.pl\/index.php\/wp-json\/wp\/v2\/pages\/2127\/revisions\/53013"}],"wp:attachment":[{"href":"https:\/\/spczesniki.pl\/index.php\/wp-json\/wp\/v2\/media?parent=2127"}],"curies":[{"name":"wp","href":"https:\/\/api.w.org\/{rel}","templated":true}]}}