{"id":2122,"date":"2022-04-11T07:34:47","date_gmt":"2022-04-11T07:34:47","guid":{"rendered":"https:\/\/spczesniki.pl\/?page_id=2122"},"modified":"2025-04-26T12:36:33","modified_gmt":"2025-04-26T12:36:33","slug":"informacje","status":"publish","type":"page","link":"https:\/\/spczesniki.pl\/index.php\/informacje\/","title":{"rendered":"Informacje"},"content":{"rendered":"<p class=\"Standard\">LISTA DZIECI PRZYJ\u0118TYCH NA ROK SZKOLNY 2025\/2026<\/p>\n<p class=\"Standard\">KLASA l :<\/p>\n<p class=\"Standard\">1. Czucha Oskar<\/p>\n<p class=\"Standard\">2. Dmitrica Hanna<\/p>\n<p class=\"Standard\">3. Klikicka Emilia<\/p>\n<p class=\"Standard\">4. Kordun Patrycja<\/p>\n<p class=\"Standard\">5. Korkosz Fabian<\/p>\n<p class=\"Standard\">6. Niedzielak Sandra<\/p>\n<p class=\"Standard\">7. Py\u017a Maciej<\/p>\n<p class=\"Standard\">8. Sk\u00f3ra Ewa<\/p>\n<p class=\"Standard\">9. Wo\u017aniak Mateusz Lucjan<\/p>\n<p>&nbsp;<\/p>\n","protected":false},"excerpt":{"rendered":"<p>LISTA DZIECI PRZYJ\u0118TYCH NA ROK SZKOLNY 2025\/2026 KLASA l : 1. Czucha Oskar 2. Dmitrica Hanna 3. Klikicka Emilia 4. Kordun Patrycja 5. Korkosz Fabian 6. Niedzielak Sandra 7. Py\u017a Maciej 8. Sk\u00f3ra Ewa 9. Wo\u017aniak Mateusz Lucjan &nbsp;<\/p>\n","protected":false},"author":1,"featured_media":0,"parent":0,"menu_order":0,"comment_status":"closed","ping_status":"closed","template":"","meta":{"ngg_post_thumbnail":0,"footnotes":""},"class_list":["post-2122","page","type-page","status-publish","hentry"],"_links":{"self":[{"href":"https:\/\/spczesniki.pl\/index.php\/wp-json\/wp\/v2\/pages\/2122","targetHints":{"allow":["GET"]}}],"collection":[{"href":"https:\/\/spczesniki.pl\/index.php\/wp-json\/wp\/v2\/pages"}],"about":[{"href":"https:\/\/spczesniki.pl\/index.php\/wp-json\/wp\/v2\/types\/page"}],"author":[{"embeddable":true,"href":"https:\/\/spczesniki.pl\/index.php\/wp-json\/wp\/v2\/users\/1"}],"replies":[{"embeddable":true,"href":"https:\/\/spczesniki.pl\/index.php\/wp-json\/wp\/v2\/comments?post=2122"}],"version-history":[{"count":4,"href":"https:\/\/spczesniki.pl\/index.php\/wp-json\/wp\/v2\/pages\/2122\/revisions"}],"predecessor-version":[{"id":45094,"href":"https:\/\/spczesniki.pl\/index.php\/wp-json\/wp\/v2\/pages\/2122\/revisions\/45094"}],"wp:attachment":[{"href":"https:\/\/spczesniki.pl\/index.php\/wp-json\/wp\/v2\/media?parent=2122"}],"curies":[{"name":"wp","href":"https:\/\/api.w.org\/{rel}","templated":true}]}}