{"id":2112,"date":"2022-03-26T08:47:36","date_gmt":"2022-03-26T08:47:36","guid":{"rendered":"https:\/\/spczesniki.pl\/?page_id=2112"},"modified":"2025-05-23T17:41:38","modified_gmt":"2025-05-23T17:41:38","slug":"zajecia-rozwijajace","status":"publish","type":"page","link":"https:\/\/spczesniki.pl\/index.php\/logopeda\/zajecia-rozwijajace\/","title":{"rendered":"Zaj\u0119cia rozwijaj\u0105ce"},"content":{"rendered":"<p>&nbsp;<\/p>\n<table style=\"border-collapse: collapse; width: 100%; height: 147px;\">\n<tbody>\n<tr style=\"height: 24px;\">\n<td style=\"width: 20%; height: 24px;\"><strong>Zaj\u0119cia<\/strong><\/td>\n<td style=\"width: 20%; height: 24px;\"><strong>Nauczyciel<\/strong><\/td>\n<td style=\"width: 20%; height: 24px;\"><strong>Dzie\u0144<\/strong><\/td>\n<td style=\"width: 20%; height: 24px;\"><strong>Godzina<\/strong><\/td>\n<td style=\"width: 20%; height: 24px;\"><strong>Klasa<\/strong><\/td>\n<\/tr>\n<tr style=\"height: 24px;\">\n<td style=\"width: 20%; height: 24px;\">Matematyka<\/td>\n<td style=\"width: 20%; height: 24px;\">A. Sygientowska<\/td>\n<td style=\"width: 20%; height: 24px;\">Czwartek<\/td>\n<td style=\"width: 20%; height: 24px;\">8.00-8.45<\/td>\n<td style=\"width: 20%; height: 24px;\">5<\/td>\n<\/tr>\n<tr style=\"height: 24px;\">\n<td style=\"width: 20%; height: 24px;\">J. angielski<\/td>\n<td style=\"width: 20%; height: 24px;\">M. St\u0105siek<\/td>\n<td style=\"width: 20%; height: 24px;\">Poniedzia\u0142ek<\/td>\n<td style=\"width: 20%; height: 24px;\">8.00-8.45<\/td>\n<td style=\"width: 20%; height: 24px;\">5<\/td>\n<\/tr>\n<tr style=\"height: 18px;\">\n<td style=\"width: 20%; height: 17px;\">Teatralno-Wokalne<\/td>\n<td style=\"width: 20%; height: 17px;\">M. Kaw\u0119cka<\/td>\n<td style=\"width: 20%; height: 17px;\">Pi\u0105tek<\/td>\n<td style=\"width: 20%; height: 17px;\">11.35-12.20<\/td>\n<td style=\"width: 20%; height: 17px;\">2<\/td>\n<\/tr>\n<tr style=\"height: 24px;\">\n<td style=\"width: 20%; height: 24px;\">Teatralno-Wokalne<\/td>\n<td style=\"width: 20%; height: 24px;\">S. Guzik<\/td>\n<td style=\"width: 20%; height: 24px;\">Czwartek<\/td>\n<td style=\"width: 20%; height: 24px;\">9.40-10.25<\/p>\n<p>12.20-13.10<\/td>\n<td style=\"width: 20%; height: 24px;\">3<\/p>\n<p>1<\/td>\n<\/tr>\n<tr style=\"height: 24px;\">\n<td style=\"width: 20%; height: 24px;\">Konwersacje j\u0119zykowe<\/p>\n<p>J\u0119zyk rosyjski<\/td>\n<td style=\"width: 20%; height: 24px;\">M. Dybiec<\/td>\n<td style=\"width: 20%; height: 24px;\">Czwartek<\/td>\n<td style=\"width: 20%; height: 24px;\">10.35-11.20<\/p>\n<p>11.35-12.20<\/td>\n<td style=\"width: 20%; height: 24px;\">6<\/p>\n<p>6<\/td>\n<\/tr>\n<\/tbody>\n<\/table>\n","protected":false},"excerpt":{"rendered":"<p>&nbsp; Zaj\u0119cia Nauczyciel Dzie\u0144 Godzina Klasa Matematyka A. Sygientowska Czwartek 8.00-8.45 5 J. angielski M. St\u0105siek Poniedzia\u0142ek 8.00-8.45 5 Teatralno-Wokalne M. Kaw\u0119cka Pi\u0105tek 11.35-12.20 2 Teatralno-Wokalne S. Guzik Czwartek 9.40-10.25 12.20-13.10 3 1 Konwersacje j\u0119zykowe J\u0119zyk rosyjski M. Dybiec Czwartek 10.35-11.20 11.35-12.20 6 6<\/p>\n","protected":false},"author":1,"featured_media":0,"parent":2015,"menu_order":0,"comment_status":"closed","ping_status":"closed","template":"","meta":{"ngg_post_thumbnail":0,"footnotes":""},"class_list":["post-2112","page","type-page","status-publish","hentry"],"_links":{"self":[{"href":"https:\/\/spczesniki.pl\/index.php\/wp-json\/wp\/v2\/pages\/2112","targetHints":{"allow":["GET"]}}],"collection":[{"href":"https:\/\/spczesniki.pl\/index.php\/wp-json\/wp\/v2\/pages"}],"about":[{"href":"https:\/\/spczesniki.pl\/index.php\/wp-json\/wp\/v2\/types\/page"}],"author":[{"embeddable":true,"href":"https:\/\/spczesniki.pl\/index.php\/wp-json\/wp\/v2\/users\/1"}],"replies":[{"embeddable":true,"href":"https:\/\/spczesniki.pl\/index.php\/wp-json\/wp\/v2\/comments?post=2112"}],"version-history":[{"count":10,"href":"https:\/\/spczesniki.pl\/index.php\/wp-json\/wp\/v2\/pages\/2112\/revisions"}],"predecessor-version":[{"id":45231,"href":"https:\/\/spczesniki.pl\/index.php\/wp-json\/wp\/v2\/pages\/2112\/revisions\/45231"}],"up":[{"embeddable":true,"href":"https:\/\/spczesniki.pl\/index.php\/wp-json\/wp\/v2\/pages\/2015"}],"wp:attachment":[{"href":"https:\/\/spczesniki.pl\/index.php\/wp-json\/wp\/v2\/media?parent=2112"}],"curies":[{"name":"wp","href":"https:\/\/api.w.org\/{rel}","templated":true}]}}