{"id":2110,"date":"2022-03-26T08:47:20","date_gmt":"2022-03-26T08:47:20","guid":{"rendered":"https:\/\/spczesniki.pl\/?page_id=2110"},"modified":"2025-05-23T18:05:00","modified_gmt":"2025-05-23T18:05:00","slug":"rewalidacja","status":"publish","type":"page","link":"https:\/\/spczesniki.pl\/index.php\/logopeda\/rewalidacja\/","title":{"rendered":"Rewalidacja"},"content":{"rendered":"<table style=\"border-collapse: collapse; width: 91.9833%; height: 86px;\">\n<tbody>\n<tr style=\"height: 30px;\">\n<td style=\"width: 14.2034%; height: 30px;\">&nbsp;<\/td>\n<td style=\"width: 10.7966%; height: 30px;\">Poniedzia\u0142ek<\/td>\n<td style=\"width: 12.5%; height: 30px;\">wtorek<\/td>\n<td style=\"width: 12.5%; height: 30px;\">\u015broda&nbsp;<\/td>\n<td style=\"width: 12.5%; height: 30px;\">czwartek<\/td>\n<\/tr>\n<tr style=\"height: 32px;\">\n<td style=\"width: 14.2034%; height: 32px;\">R. Wilk<\/td>\n<td style=\"width: 10.7966%; height: 32px;\">&nbsp;7.45-8.45<\/td>\n<td style=\"width: 12.5%; height: 32px;\">&nbsp;<\/td>\n<td style=\"width: 12.5%; height: 32px;\">9.35-10.35<\/td>\n<td style=\"width: 12.5%; height: 32px;\">&nbsp;<\/td>\n<\/tr>\n<tr style=\"height: 24px;\">\n<td style=\"width: 14.2034%; height: 24px;\">J. \u015awist-Harczuk<\/td>\n<td style=\"width: 10.7966%; height: 24px;\">&nbsp;<\/td>\n<td style=\"width: 12.5%; height: 24px;\">7.45-8.45<\/p>\n<p>12.20-13.20<\/td>\n<td style=\"width: 12.5%; height: 24px;\">&nbsp;<\/td>\n<td style=\"width: 12.5%; height: 24px;\">13.10-14.10<\/p>\n<p>14.10-15.10<\/td>\n<\/tr>\n<\/tbody>\n<\/table>\n","protected":false},"excerpt":{"rendered":"<p>&nbsp; Poniedzia\u0142ek wtorek \u015broda&nbsp; czwartek R. Wilk &nbsp;7.45-8.45 &nbsp; 9.35-10.35 &nbsp; J. \u015awist-Harczuk &nbsp; 7.45-8.45 12.20-13.20 &nbsp; 13.10-14.10 14.10-15.10<\/p>\n","protected":false},"author":1,"featured_media":0,"parent":2015,"menu_order":0,"comment_status":"closed","ping_status":"closed","template":"","meta":{"ngg_post_thumbnail":0,"footnotes":""},"class_list":["post-2110","page","type-page","status-publish","hentry"],"_links":{"self":[{"href":"https:\/\/spczesniki.pl\/index.php\/wp-json\/wp\/v2\/pages\/2110","targetHints":{"allow":["GET"]}}],"collection":[{"href":"https:\/\/spczesniki.pl\/index.php\/wp-json\/wp\/v2\/pages"}],"about":[{"href":"https:\/\/spczesniki.pl\/index.php\/wp-json\/wp\/v2\/types\/page"}],"author":[{"embeddable":true,"href":"https:\/\/spczesniki.pl\/index.php\/wp-json\/wp\/v2\/users\/1"}],"replies":[{"embeddable":true,"href":"https:\/\/spczesniki.pl\/index.php\/wp-json\/wp\/v2\/comments?post=2110"}],"version-history":[{"count":4,"href":"https:\/\/spczesniki.pl\/index.php\/wp-json\/wp\/v2\/pages\/2110\/revisions"}],"predecessor-version":[{"id":45235,"href":"https:\/\/spczesniki.pl\/index.php\/wp-json\/wp\/v2\/pages\/2110\/revisions\/45235"}],"up":[{"embeddable":true,"href":"https:\/\/spczesniki.pl\/index.php\/wp-json\/wp\/v2\/pages\/2015"}],"wp:attachment":[{"href":"https:\/\/spczesniki.pl\/index.php\/wp-json\/wp\/v2\/media?parent=2110"}],"curies":[{"name":"wp","href":"https:\/\/api.w.org\/{rel}","templated":true}]}}