{"id":2101,"date":"2022-03-26T08:45:40","date_gmt":"2022-03-26T08:45:40","guid":{"rendered":"https:\/\/spczesniki.pl\/?page_id=2101"},"modified":"2025-05-23T17:55:10","modified_gmt":"2025-05-23T17:55:10","slug":"logopeda","status":"publish","type":"page","link":"https:\/\/spczesniki.pl\/index.php\/logopeda\/logopeda\/","title":{"rendered":"Logopeda"},"content":{"rendered":"<p style=\"text-align: center;\">Angelika Pastuszak<\/p>\n<table style=\"border-collapse: collapse; width: 100%; height: 144px;\">\n<tbody>\n<tr style=\"height: 24px;\">\n<td style=\"width: 16.6667%; height: 24px;\"><strong>Poniedzia\u0142ek<\/strong><\/td>\n<td style=\"width: 16.6667%; height: 24px;\"><strong>Wtorek<\/strong><\/td>\n<td style=\"width: 16.6667%; height: 24px;\"><strong>\u015aroda<\/strong><\/td>\n<td style=\"width: 16.6667%; height: 24px;\"><strong>Czwartek<\/strong><\/td>\n<td style=\"width: 16.6667%; height: 24px;\"><strong>Pi\u0105tek<\/strong><\/td>\n<\/tr>\n<tr style=\"height: 24px;\">\n<td style=\"width: 16.6667%; height: 24px;\">11.00-12.00<\/td>\n<td style=\"width: 16.6667%; height: 24px;\">13.00-14.00<\/td>\n<td style=\"width: 16.6667%; height: 24px;\">11.30-12.30<\/td>\n<td style=\"width: 16.6667%; height: 24px;\">12.30-13.30<\/td>\n<td style=\"width: 16.6667%; height: 24px;\">9.40-10.10<\/td>\n<\/tr>\n<tr style=\"height: 24px;\">\n<td style=\"width: 16.6667%; height: 24px;\">&nbsp;<\/td>\n<td style=\"width: 16.6667%; height: 24px;\">&nbsp;<\/td>\n<td style=\"width: 16.6667%; height: 24px;\">13.30-13.30<\/td>\n<td style=\"width: 16.6667%; height: 24px;\">&nbsp;<\/td>\n<td style=\"width: 16.6667%; height: 24px;\">10.50-11.20<\/td>\n<\/tr>\n<\/tbody>\n<\/table>\n","protected":false},"excerpt":{"rendered":"<p>Angelika Pastuszak Poniedzia\u0142ek Wtorek \u015aroda Czwartek Pi\u0105tek 11.00-12.00 13.00-14.00 11.30-12.30 12.30-13.30 9.40-10.10 &nbsp; &nbsp; 13.30-13.30 &nbsp; 10.50-11.20<\/p>\n","protected":false},"author":1,"featured_media":0,"parent":2015,"menu_order":0,"comment_status":"closed","ping_status":"closed","template":"","meta":{"ngg_post_thumbnail":0,"footnotes":""},"class_list":["post-2101","page","type-page","status-publish","hentry"],"_links":{"self":[{"href":"https:\/\/spczesniki.pl\/index.php\/wp-json\/wp\/v2\/pages\/2101","targetHints":{"allow":["GET"]}}],"collection":[{"href":"https:\/\/spczesniki.pl\/index.php\/wp-json\/wp\/v2\/pages"}],"about":[{"href":"https:\/\/spczesniki.pl\/index.php\/wp-json\/wp\/v2\/types\/page"}],"author":[{"embeddable":true,"href":"https:\/\/spczesniki.pl\/index.php\/wp-json\/wp\/v2\/users\/1"}],"replies":[{"embeddable":true,"href":"https:\/\/spczesniki.pl\/index.php\/wp-json\/wp\/v2\/comments?post=2101"}],"version-history":[{"count":4,"href":"https:\/\/spczesniki.pl\/index.php\/wp-json\/wp\/v2\/pages\/2101\/revisions"}],"predecessor-version":[{"id":45234,"href":"https:\/\/spczesniki.pl\/index.php\/wp-json\/wp\/v2\/pages\/2101\/revisions\/45234"}],"up":[{"embeddable":true,"href":"https:\/\/spczesniki.pl\/index.php\/wp-json\/wp\/v2\/pages\/2015"}],"wp:attachment":[{"href":"https:\/\/spczesniki.pl\/index.php\/wp-json\/wp\/v2\/media?parent=2101"}],"curies":[{"name":"wp","href":"https:\/\/api.w.org\/{rel}","templated":true}]}}