{"id":2097,"date":"2022-03-26T08:44:33","date_gmt":"2022-03-26T08:44:33","guid":{"rendered":"https:\/\/spczesniki.pl\/?page_id=2097"},"modified":"2025-04-25T11:29:06","modified_gmt":"2025-04-25T11:29:06","slug":"oddzial-5-6-latki","status":"publish","type":"page","link":"https:\/\/spczesniki.pl\/index.php\/oddzial-5-6-latki\/","title":{"rendered":"Oddzia\u0142 5-6 latki"},"content":{"rendered":"<p><strong>Lista dzieci przyj\u0119tych do oddzia\u0142u przedszkolnego w roku szkolnym 2025\/2026<\/strong><\/p>\n<ol>\n<li>Borys Sebastian<\/li>\n<li>Dmitroca Adam<\/li>\n<li>Dudek Amelia Zofia<\/li>\n<li>Ho\u0142ys Gabriela<\/li>\n<li>Klikicki Kamil<\/li>\n<li>Klikicki Piotr<\/li>\n<li>Ku\u0142acz Aneta<\/li>\n<li>Matuszak Maja<\/li>\n<li>Matwiejczuk Wojciech Andrzej<\/li>\n<li>O\u017c\u00f3g Amelia<\/li>\n<li>O\u017c\u00f3g Julia<\/li>\n<li>Perenc Amelia<\/li>\n<li>Rawska \u0141ucja<\/li>\n<li>Sykulak Emilia<\/li>\n<li>Sykulak Kacper<\/li>\n<li>Sykulak Mateusz<\/li>\n<li>Tomasik Bart\u0142omiej Stanis\u0142aw<\/li>\n<\/ol>\n","protected":false},"excerpt":{"rendered":"<p>Lista dzieci przyj\u0119tych do oddzia\u0142u przedszkolnego w roku szkolnym 2025\/2026 Borys Sebastian Dmitroca Adam Dudek Amelia Zofia Ho\u0142ys Gabriela Klikicki Kamil Klikicki Piotr Ku\u0142acz Aneta Matuszak Maja Matwiejczuk Wojciech Andrzej O\u017c\u00f3g Amelia O\u017c\u00f3g Julia Perenc Amelia Rawska \u0141ucja Sykulak Emilia Sykulak Kacper Sykulak Mateusz Tomasik Bart\u0142omiej Stanis\u0142aw<\/p>\n","protected":false},"author":1,"featured_media":0,"parent":0,"menu_order":0,"comment_status":"closed","ping_status":"closed","template":"","meta":{"ngg_post_thumbnail":0,"footnotes":""},"class_list":["post-2097","page","type-page","status-publish","hentry"],"_links":{"self":[{"href":"https:\/\/spczesniki.pl\/index.php\/wp-json\/wp\/v2\/pages\/2097","targetHints":{"allow":["GET"]}}],"collection":[{"href":"https:\/\/spczesniki.pl\/index.php\/wp-json\/wp\/v2\/pages"}],"about":[{"href":"https:\/\/spczesniki.pl\/index.php\/wp-json\/wp\/v2\/types\/page"}],"author":[{"embeddable":true,"href":"https:\/\/spczesniki.pl\/index.php\/wp-json\/wp\/v2\/users\/1"}],"replies":[{"embeddable":true,"href":"https:\/\/spczesniki.pl\/index.php\/wp-json\/wp\/v2\/comments?post=2097"}],"version-history":[{"count":4,"href":"https:\/\/spczesniki.pl\/index.php\/wp-json\/wp\/v2\/pages\/2097\/revisions"}],"predecessor-version":[{"id":45087,"href":"https:\/\/spczesniki.pl\/index.php\/wp-json\/wp\/v2\/pages\/2097\/revisions\/45087"}],"wp:attachment":[{"href":"https:\/\/spczesniki.pl\/index.php\/wp-json\/wp\/v2\/media?parent=2097"}],"curies":[{"name":"wp","href":"https:\/\/api.w.org\/{rel}","templated":true}]}}