{"id":2080,"date":"2022-03-26T07:57:52","date_gmt":"2022-03-26T07:57:52","guid":{"rendered":"https:\/\/spczesniki.pl\/?page_id=2080"},"modified":"2025-09-24T14:21:51","modified_gmt":"2025-09-24T14:21:51","slug":"klasa-8","status":"publish","type":"page","link":"https:\/\/spczesniki.pl\/index.php\/plan-lekcji\/klasa-8\/","title":{"rendered":"Klasa 8"},"content":{"rendered":"<table style=\"width: 98.2253%; height: 213px;\" width=\"0\">\n<tbody>\n<tr style=\"height: 24px;\">\n<td style=\"width: 15.9128%; height: 24px;\" width=\"94\"><strong>&nbsp;<\/strong><\/td>\n<td style=\"width: 19.087%; height: 24px;\" width=\"104\"><strong>Poniedzia\u0142ek <\/strong><\/td>\n<td style=\"width: 14.74%; height: 24px;\" width=\"95\"><strong>Wtorek<\/strong><\/td>\n<td style=\"width: 15.7934%; height: 24px;\" width=\"92\"><strong>\u015aroda<\/strong><\/td>\n<td style=\"width: 18.7094%; height: 24px;\" width=\"140\"><strong>Czwartek<\/strong><\/td>\n<td style=\"width: 28.5318%; height: 24px;\" width=\"131\"><strong>Pi\u0105tek<\/strong><\/td>\n<\/tr>\n<tr style=\"height: 24px;\">\n<td style=\"width: 15.9128%; height: 24px;\" width=\"94\"><strong>8:00-8:45<\/strong><\/td>\n<td style=\"width: 19.087%; height: 24px;\" width=\"104\">&nbsp;<\/td>\n<td style=\"width: 14.74%; height: 24px;\" width=\"95\">W-f<\/td>\n<td style=\"width: 15.7934%; height: 24px;\" width=\"92\">Chemia<\/td>\n<td style=\"width: 18.7094%; height: 24px;\" width=\"140\">Informatyka<\/td>\n<td style=\"width: 28.5318%; height: 24px;\" width=\"131\">Fizyka<\/td>\n<\/tr>\n<tr style=\"height: 24px;\">\n<td style=\"width: 15.9128%; height: 25px;\" width=\"94\"><strong>8:50-9:35<\/strong><\/td>\n<td style=\"width: 19.087%; height: 25px;\" width=\"104\">J. polski<\/td>\n<td style=\"width: 14.74%; height: 25px;\" width=\"95\">Geografia<\/td>\n<td style=\"width: 15.7934%; height: 25px;\" width=\"92\">J. &nbsp;polski<\/td>\n<td style=\"width: 18.7094%; height: 25px;\" width=\"140\">Fizyka<\/td>\n<td style=\"width: 28.5318%; height: 25px;\" width=\"131\">Wos<\/td>\n<\/tr>\n<tr style=\"height: 24px;\">\n<td style=\"width: 15.9128%; height: 24px;\" width=\"94\"><strong>9:40-10:25<\/strong><\/td>\n<td style=\"width: 19.087%; height: 24px;\" width=\"104\">W-f<\/td>\n<td style=\"width: 14.74%; height: 24px;\" width=\"95\">Historia<\/td>\n<td style=\"width: 15.7934%; height: 24px;\" width=\"92\">Chemia<\/td>\n<td style=\"width: 18.7094%; height: 24px;\" width=\"140\">Historia<\/td>\n<td style=\"width: 28.5318%; height: 24px;\" width=\"131\">G-w<\/td>\n<\/tr>\n<tr style=\"height: 24px;\">\n<td style=\"width: 15.9128%; height: 24px;\" width=\"94\"><strong>10:35-11:20<\/strong><\/td>\n<td style=\"width: 19.087%; height: 24px;\" width=\"104\">Religia<\/td>\n<td style=\"width: 14.74%; height: 24px;\" width=\"95\">J. &nbsp;polski<\/td>\n<td style=\"width: 15.7934%; height: 24px;\" width=\"92\">Matematyka<\/td>\n<td style=\"width: 18.7094%; height: 24px;\" width=\"140\">J. angielski<\/td>\n<td style=\"width: 28.5318%; height: 24px;\" width=\"131\">Matematyka<\/td>\n<\/tr>\n<tr style=\"height: 20px;\">\n<td style=\"width: 15.9128%; height: 20px;\" width=\"94\"><strong>11:35-12:20<\/strong><\/td>\n<td style=\"width: 19.087%; height: 20px;\" width=\"104\">Wos<\/td>\n<td style=\"width: 14.74%; height: 20px;\" width=\"95\">Edb<\/td>\n<td style=\"width: 15.7934%; height: 20px;\" width=\"92\">W-f<\/td>\n<td style=\"width: 18.7094%; height: 20px;\" width=\"140\">J. &nbsp;polski<\/td>\n<td style=\"width: 28.5318%; height: 20px;\" width=\"131\">Matematyka<\/td>\n<\/tr>\n<tr style=\"height: 24px;\">\n<td style=\"width: 15.9128%; height: 24px;\" width=\"94\"><strong>12:25-13:10<\/strong><\/td>\n<td style=\"width: 19.087%; height: 24px;\" width=\"104\">Matematyka<\/td>\n<td style=\"width: 14.74%; height: 24px;\" width=\"95\">J. angielski<\/td>\n<td style=\"width: 15.7934%; height: 24px;\" width=\"92\">J. angielski<\/td>\n<td style=\"width: 18.7094%; height: 24px;\" width=\"140\">J. &nbsp;polski<\/td>\n<td style=\"width: 28.5318%; height: 24px;\" width=\"131\">J. rosyjski<\/td>\n<\/tr>\n<tr style=\"height: 24px;\">\n<td style=\"width: 15.9128%; height: 24px;\" width=\"94\"><strong>13:15-14:00<\/strong><\/td>\n<td style=\"width: 19.087%; height: 24px;\" width=\"104\">Biologia<\/td>\n<td style=\"width: 14.74%; height: 24px;\" width=\"95\">J. rosyjski<\/td>\n<td style=\"width: 15.7934%; height: 24px;\" width=\"92\">E-z<\/td>\n<td style=\"width: 18.7094%; height: 24px;\" width=\"140\">&nbsp;<\/td>\n<td style=\"width: 28.5318%; height: 24px;\" width=\"131\">W-f<\/td>\n<\/tr>\n<tr style=\"height: 24px;\">\n<td style=\"width: 15.9128%; height: 24px;\" width=\"94\"><strong>14:05-14:50<\/strong><\/td>\n<td style=\"width: 19.087%; height: 24px;\" width=\"104\">&nbsp;<\/td>\n<td style=\"width: 14.74%; height: 24px;\" width=\"95\">&nbsp;<\/td>\n<td style=\"width: 15.7934%; height: 24px;\" width=\"92\">&nbsp;<\/td>\n<td style=\"width: 18.7094%; height: 24px;\" width=\"140\">&nbsp;<\/td>\n<td style=\"width: 28.5318%; height: 24px;\" width=\"131\">&nbsp;<\/td>\n<\/tr>\n<\/tbody>\n<\/table>\n","protected":false},"excerpt":{"rendered":"<p>&nbsp; Poniedzia\u0142ek Wtorek \u015aroda Czwartek Pi\u0105tek 8:00-8:45 &nbsp; W-f Chemia Informatyka Fizyka 8:50-9:35 J. polski Geografia J. &nbsp;polski Fizyka Wos 9:40-10:25 W-f Historia Chemia Historia G-w 10:35-11:20 Religia J. &nbsp;polski Matematyka J. angielski Matematyka 11:35-12:20 Wos Edb W-f J. &nbsp;polski Matematyka 12:25-13:10 Matematyka J. angielski J. angielski J. &nbsp;polski J. [&hellip;]<\/p>\n","protected":false},"author":1,"featured_media":0,"parent":2011,"menu_order":0,"comment_status":"closed","ping_status":"closed","template":"","meta":{"ngg_post_thumbnail":0,"footnotes":""},"class_list":["post-2080","page","type-page","status-publish","hentry"],"_links":{"self":[{"href":"https:\/\/spczesniki.pl\/index.php\/wp-json\/wp\/v2\/pages\/2080","targetHints":{"allow":["GET"]}}],"collection":[{"href":"https:\/\/spczesniki.pl\/index.php\/wp-json\/wp\/v2\/pages"}],"about":[{"href":"https:\/\/spczesniki.pl\/index.php\/wp-json\/wp\/v2\/types\/page"}],"author":[{"embeddable":true,"href":"https:\/\/spczesniki.pl\/index.php\/wp-json\/wp\/v2\/users\/1"}],"replies":[{"embeddable":true,"href":"https:\/\/spczesniki.pl\/index.php\/wp-json\/wp\/v2\/comments?post=2080"}],"version-history":[{"count":6,"href":"https:\/\/spczesniki.pl\/index.php\/wp-json\/wp\/v2\/pages\/2080\/revisions"}],"predecessor-version":[{"id":52474,"href":"https:\/\/spczesniki.pl\/index.php\/wp-json\/wp\/v2\/pages\/2080\/revisions\/52474"}],"up":[{"embeddable":true,"href":"https:\/\/spczesniki.pl\/index.php\/wp-json\/wp\/v2\/pages\/2011"}],"wp:attachment":[{"href":"https:\/\/spczesniki.pl\/index.php\/wp-json\/wp\/v2\/media?parent=2080"}],"curies":[{"name":"wp","href":"https:\/\/api.w.org\/{rel}","templated":true}]}}