{"id":2076,"date":"2022-03-26T07:57:24","date_gmt":"2022-03-26T07:57:24","guid":{"rendered":"https:\/\/spczesniki.pl\/?page_id=2076"},"modified":"2025-09-24T14:53:23","modified_gmt":"2025-09-24T14:53:23","slug":"klasa-6","status":"publish","type":"page","link":"https:\/\/spczesniki.pl\/index.php\/plan-lekcji\/klasa-6\/","title":{"rendered":"Klasa 6"},"content":{"rendered":"<table style=\"width: 87.7971%; height: 216px;\" width=\"0\">\n<tbody>\n<tr style=\"height: 24px;\">\n<td style=\"width: 13.98%; height: 24px;\" width=\"94\"><strong>&nbsp;<\/strong><\/td>\n<td style=\"width: 18.117%; height: 24px;\" width=\"104\"><strong>Poniedzia\u0142ek<\/strong><\/td>\n<td style=\"width: 15.2493%; height: 24px;\" width=\"95\"><strong>Wtorek<\/strong><\/td>\n<td style=\"width: 12.4163%; height: 24px;\" width=\"92\"><strong>\u015aroda<\/strong><\/td>\n<td style=\"width: 20.6847%; height: 24px;\" width=\"140\"><strong>Czwartek<\/strong><\/td>\n<td style=\"width: 20.1111%; height: 24px;\" width=\"131\"><strong>Pi\u0105tek<\/strong><\/td>\n<\/tr>\n<tr style=\"height: 24px;\">\n<td style=\"width: 13.98%; height: 24px;\" width=\"94\"><strong>8:00-8:45<\/strong><\/td>\n<td style=\"width: 18.117%; height: 24px;\" width=\"104\">W-f<\/td>\n<td style=\"width: 15.2493%; height: 24px;\" width=\"95\">J. polski<\/td>\n<td style=\"width: 12.4163%; height: 24px;\" width=\"92\">&nbsp;J. angielski<\/td>\n<td style=\"width: 20.6847%; height: 24px;\" width=\"140\">Historia<\/td>\n<td style=\"width: 20.1111%; height: 24px;\" width=\"131\">Matematyka+<\/td>\n<\/tr>\n<tr style=\"height: 24px;\">\n<td style=\"width: 13.98%; height: 24px;\" width=\"94\"><strong>8:50-9:35<\/strong><\/td>\n<td style=\"width: 18.117%; height: 24px;\" width=\"104\">Muzyka<\/td>\n<td style=\"width: 15.2493%; height: 24px;\" width=\"95\">W-f<\/td>\n<td style=\"width: 12.4163%; height: 24px;\" width=\"92\">W-f<\/td>\n<td style=\"width: 20.6847%; height: 24px;\" width=\"140\">Informatyka<\/td>\n<td style=\"width: 20.1111%; height: 24px;\" width=\"131\">J. angielski<\/td>\n<\/tr>\n<tr style=\"height: 24px;\">\n<td style=\"width: 13.98%; height: 24px;\" width=\"94\"><strong>9:40-10:25<\/strong><\/td>\n<td style=\"width: 18.117%; height: 24px;\" width=\"104\">Matematyka<\/td>\n<td style=\"width: 15.2493%; height: 24px;\" width=\"95\">Religia<\/td>\n<td style=\"width: 12.4163%; height: 24px;\" width=\"92\">Historia<\/td>\n<td style=\"width: 20.6847%; height: 24px;\" width=\"140\">J. polski<\/td>\n<td style=\"width: 20.1111%; height: 24px;\" width=\"131\">G-w<\/td>\n<\/tr>\n<tr style=\"height: 24px;\">\n<td style=\"width: 13.98%; height: 24px;\" width=\"94\"><strong>10:35-11:20<\/strong><\/td>\n<td style=\"width: 18.117%; height: 24px;\" width=\"104\">W-f<\/td>\n<td style=\"width: 15.2493%; height: 24px;\" width=\"95\">Matematyka<\/td>\n<td style=\"width: 12.4163%; height: 24px;\" width=\"92\">Biologia<\/td>\n<td style=\"width: 20.6847%; height: 24px;\" width=\"140\">Matematyka<\/td>\n<td style=\"width: 20.1111%; height: 24px;\" width=\"131\">&nbsp;J. polski<\/td>\n<\/tr>\n<tr style=\"height: 24px;\">\n<td style=\"width: 13.98%; height: 24px;\" width=\"94\"><strong>11:35-12:20<\/strong><\/td>\n<td style=\"width: 18.117%; height: 24px;\" width=\"104\">&nbsp;Technika<\/td>\n<td style=\"width: 15.2493%; height: 24px;\" width=\"95\">J. angielski<\/td>\n<td style=\"width: 12.4163%; height: 24px;\" width=\"92\">Matematyka<\/td>\n<td style=\"width: 20.6847%; height: 24px;\" width=\"140\">Geografia<\/td>\n<td style=\"width: 20.1111%; height: 24px;\" width=\"131\">E-z<\/td>\n<\/tr>\n<tr style=\"height: 24px;\">\n<td style=\"width: 13.98%; height: 24px;\" width=\"94\"><strong>12:25-13:10<\/strong><\/td>\n<td style=\"width: 18.117%; height: 24px;\" width=\"104\">J. polski<\/td>\n<td style=\"width: 15.2493%; height: 24px;\" width=\"95\">&nbsp;<\/td>\n<td style=\"width: 12.4163%; height: 24px;\" width=\"92\">J. polski<\/td>\n<td style=\"width: 20.6847%; height: 24px;\" width=\"140\">Plastyka<\/td>\n<td style=\"width: 20.1111%; height: 24px;\" width=\"131\">&nbsp;<\/td>\n<\/tr>\n<tr style=\"height: 24px;\">\n<td style=\"width: 13.98%; height: 24px;\" width=\"94\"><strong>13:15-14:00<\/strong><\/td>\n<td style=\"width: 18.117%; height: 24px;\" width=\"104\">&nbsp;<\/td>\n<td style=\"width: 15.2493%; height: 24px;\" width=\"95\">&nbsp;<\/td>\n<td style=\"width: 12.4163%; height: 24px;\" width=\"92\">&nbsp;<\/td>\n<td style=\"width: 20.6847%; height: 24px;\" width=\"140\">&nbsp;<\/td>\n<td style=\"width: 20.1111%; height: 24px;\" width=\"131\">&nbsp;<\/td>\n<\/tr>\n<tr style=\"height: 24px;\">\n<td style=\"width: 13.98%; height: 24px;\" width=\"94\"><strong>14:05-14:50<\/strong><\/td>\n<td style=\"width: 18.117%; height: 24px;\" width=\"104\">&nbsp;<\/td>\n<td style=\"width: 15.2493%; height: 24px;\" width=\"95\">&nbsp;<\/td>\n<td style=\"width: 12.4163%; height: 24px;\" width=\"92\">&nbsp;<\/td>\n<td style=\"width: 20.6847%; height: 24px;\" width=\"140\">&nbsp;<\/td>\n<td style=\"width: 20.1111%; height: 24px;\" width=\"131\">&nbsp;<\/td>\n<\/tr>\n<\/tbody>\n<\/table>\n","protected":false},"excerpt":{"rendered":"<p>&nbsp; Poniedzia\u0142ek Wtorek \u015aroda Czwartek Pi\u0105tek 8:00-8:45 W-f J. polski &nbsp;J. angielski Historia Matematyka+ 8:50-9:35 Muzyka W-f W-f Informatyka J. angielski 9:40-10:25 Matematyka Religia Historia J. polski G-w 10:35-11:20 W-f Matematyka Biologia Matematyka &nbsp;J. polski 11:35-12:20 &nbsp;Technika J. angielski Matematyka Geografia E-z 12:25-13:10 J. polski &nbsp; J. polski Plastyka &nbsp; [&hellip;]<\/p>\n","protected":false},"author":1,"featured_media":0,"parent":2011,"menu_order":0,"comment_status":"closed","ping_status":"closed","template":"","meta":{"ngg_post_thumbnail":0,"footnotes":""},"class_list":["post-2076","page","type-page","status-publish","hentry"],"_links":{"self":[{"href":"https:\/\/spczesniki.pl\/index.php\/wp-json\/wp\/v2\/pages\/2076","targetHints":{"allow":["GET"]}}],"collection":[{"href":"https:\/\/spczesniki.pl\/index.php\/wp-json\/wp\/v2\/pages"}],"about":[{"href":"https:\/\/spczesniki.pl\/index.php\/wp-json\/wp\/v2\/types\/page"}],"author":[{"embeddable":true,"href":"https:\/\/spczesniki.pl\/index.php\/wp-json\/wp\/v2\/users\/1"}],"replies":[{"embeddable":true,"href":"https:\/\/spczesniki.pl\/index.php\/wp-json\/wp\/v2\/comments?post=2076"}],"version-history":[{"count":8,"href":"https:\/\/spczesniki.pl\/index.php\/wp-json\/wp\/v2\/pages\/2076\/revisions"}],"predecessor-version":[{"id":52484,"href":"https:\/\/spczesniki.pl\/index.php\/wp-json\/wp\/v2\/pages\/2076\/revisions\/52484"}],"up":[{"embeddable":true,"href":"https:\/\/spczesniki.pl\/index.php\/wp-json\/wp\/v2\/pages\/2011"}],"wp:attachment":[{"href":"https:\/\/spczesniki.pl\/index.php\/wp-json\/wp\/v2\/media?parent=2076"}],"curies":[{"name":"wp","href":"https:\/\/api.w.org\/{rel}","templated":true}]}}