{"id":2074,"date":"2022-03-26T07:57:14","date_gmt":"2022-03-26T07:57:14","guid":{"rendered":"https:\/\/spczesniki.pl\/?page_id=2074"},"modified":"2025-09-24T14:26:09","modified_gmt":"2025-09-24T14:26:09","slug":"klasa-5","status":"publish","type":"page","link":"https:\/\/spczesniki.pl\/index.php\/plan-lekcji\/klasa-5\/","title":{"rendered":"Klasa 5"},"content":{"rendered":"<table style=\"width: 89.0092%; height: 216px;\" width=\"0\">\n<tbody>\n<tr style=\"height: 24px;\">\n<td style=\"width: 14.8359%; height: 24px;\" width=\"94\"><strong>&nbsp;<\/strong><\/td>\n<td style=\"width: 14.9786%; text-align: center; height: 24px;\" width=\"104\"><strong>Poniedzia\u0142ek<\/strong><\/td>\n<td style=\"width: 15.9152%; text-align: center; height: 24px;\" width=\"95\"><strong>Wtorek<\/strong><\/td>\n<td style=\"width: 13.1806%; text-align: center; height: 24px;\" width=\"92\"><strong>\u015aroda<\/strong><\/td>\n<td style=\"width: 20.5427%; text-align: center; height: 24px;\" width=\"140\"><strong>Czwartek<\/strong><\/td>\n<td style=\"width: 22.5259%; text-align: center; height: 24px;\" width=\"131\"><strong>Pi\u0105tek<\/strong><\/td>\n<\/tr>\n<tr style=\"height: 24px;\">\n<td style=\"width: 14.8359%; height: 24px;\" width=\"94\"><strong>8:00-8:45<\/strong><\/td>\n<td style=\"width: 14.9786%; height: 24px;\" width=\"104\">Muzyka<\/td>\n<td style=\"width: 15.9152%; height: 24px;\" width=\"95\">Matematyka<\/td>\n<td style=\"width: 13.1806%; height: 24px;\" width=\"92\">Plastyka<\/td>\n<td style=\"width: 20.5427%; height: 24px;\" width=\"140\">G-w<\/td>\n<td style=\"width: 22.5259%; height: 24px;\" width=\"131\">Biologia<\/td>\n<\/tr>\n<tr style=\"height: 24px;\">\n<td style=\"width: 14.8359%; height: 24px;\" width=\"94\"><strong>8:50-9:35<\/strong><\/td>\n<td style=\"width: 14.9786%; height: 24px;\" width=\"104\">W-f<\/td>\n<td style=\"width: 15.9152%; height: 24px;\" width=\"95\">Historia<\/td>\n<td style=\"width: 13.1806%; height: 24px;\" width=\"92\">Historia<\/td>\n<td style=\"width: 20.5427%; height: 24px;\" width=\"140\">Matematyka<\/td>\n<td style=\"width: 22.5259%; height: 24px;\" width=\"131\">Matematyka<\/td>\n<\/tr>\n<tr style=\"height: 24px;\">\n<td style=\"width: 14.8359%; height: 24px;\" width=\"94\"><strong>9:40-10:25<\/strong><\/td>\n<td style=\"width: 14.9786%; height: 24px;\" width=\"104\">J. angielski<\/td>\n<td style=\"width: 15.9152%; height: 24px;\" width=\"95\">J. polski<\/td>\n<td style=\"width: 13.1806%; height: 24px;\" width=\"92\">Matematyka<\/td>\n<td style=\"width: 20.5427%; height: 24px;\" width=\"140\">Technika<\/td>\n<td style=\"width: 22.5259%; height: 24px;\" width=\"131\">&nbsp;J. angielski<\/td>\n<\/tr>\n<tr style=\"height: 24px;\">\n<td style=\"width: 14.8359%; height: 24px;\" width=\"94\"><strong>10:35-11:20<\/strong><\/td>\n<td style=\"width: 14.9786%; height: 24px;\" width=\"104\">J. polski<\/td>\n<td style=\"width: 15.9152%; height: 24px;\" width=\"95\">J. polski<\/td>\n<td style=\"width: 13.1806%; height: 24px;\" width=\"92\">J. angielski<\/td>\n<td style=\"width: 20.5427%; height: 24px;\" width=\"140\">W-f<\/td>\n<td style=\"width: 22.5259%; height: 24px;\" width=\"131\">Geografia<\/td>\n<\/tr>\n<tr style=\"height: 24px;\">\n<td style=\"width: 14.8359%; height: 24px;\" width=\"94\"><strong>11:35-12:20<\/strong><\/td>\n<td style=\"width: 14.9786%; height: 24px;\" width=\"104\">Informatyka<\/td>\n<td style=\"width: 15.9152%; height: 24px;\" width=\"95\">Religia<\/td>\n<td style=\"width: 13.1806%; height: 24px;\" width=\"92\">J. polski<\/td>\n<td style=\"width: 20.5427%; height: 24px;\" width=\"140\">J. polski<\/td>\n<td style=\"width: 22.5259%; height: 24px;\" width=\"131\">W-f<\/td>\n<\/tr>\n<tr style=\"height: 24px;\">\n<td style=\"width: 14.8359%; height: 24px;\" width=\"94\"><strong>12:25-13:10<\/strong><\/td>\n<td style=\"width: 14.9786%; height: 24px;\" width=\"104\">J. angielski<\/td>\n<td style=\"width: 15.9152%; height: 24px;\" width=\"95\">E-z<\/td>\n<td style=\"width: 13.1806%; height: 24px;\" width=\"92\">W-f<\/td>\n<td style=\"width: 20.5427%; height: 24px;\" width=\"140\">Matematyka+<\/td>\n<td style=\"width: 22.5259%; height: 24px;\" width=\"131\">&nbsp;<\/td>\n<\/tr>\n<tr style=\"height: 24px;\">\n<td style=\"width: 14.8359%; height: 24px;\" width=\"94\"><strong>13:15-14:00<\/strong><\/td>\n<td style=\"width: 14.9786%; height: 24px;\" width=\"104\">&nbsp;<\/td>\n<td style=\"width: 15.9152%; height: 24px;\" width=\"95\">&nbsp;<\/td>\n<td style=\"width: 13.1806%; height: 24px;\" width=\"92\">&nbsp;<\/td>\n<td style=\"width: 20.5427%; height: 24px;\" width=\"140\">&nbsp;<\/td>\n<td style=\"width: 22.5259%; height: 24px;\" width=\"131\">&nbsp;<\/td>\n<\/tr>\n<tr style=\"height: 24px;\">\n<td style=\"width: 14.8359%; height: 24px;\" width=\"94\"><strong>14:05-14:50<\/strong><\/td>\n<td style=\"width: 14.9786%; height: 24px;\" width=\"104\">&nbsp;<\/td>\n<td style=\"width: 15.9152%; height: 24px;\" width=\"95\">&nbsp;<\/td>\n<td style=\"width: 13.1806%; height: 24px;\" width=\"92\">&nbsp;<\/td>\n<td style=\"width: 20.5427%; height: 24px;\" width=\"140\">&nbsp;<\/td>\n<td style=\"width: 22.5259%; height: 24px;\" width=\"131\">&nbsp;<\/td>\n<\/tr>\n<\/tbody>\n<\/table>\n","protected":false},"excerpt":{"rendered":"<p>&nbsp; Poniedzia\u0142ek Wtorek \u015aroda Czwartek Pi\u0105tek 8:00-8:45 Muzyka Matematyka Plastyka G-w Biologia 8:50-9:35 W-f Historia Historia Matematyka Matematyka 9:40-10:25 J. angielski J. polski Matematyka Technika &nbsp;J. angielski 10:35-11:20 J. polski J. polski J. angielski W-f Geografia 11:35-12:20 Informatyka Religia J. polski J. polski W-f 12:25-13:10 J. angielski E-z W-f Matematyka+ [&hellip;]<\/p>\n","protected":false},"author":1,"featured_media":0,"parent":2011,"menu_order":0,"comment_status":"closed","ping_status":"closed","template":"","meta":{"ngg_post_thumbnail":0,"footnotes":""},"class_list":["post-2074","page","type-page","status-publish","hentry"],"_links":{"self":[{"href":"https:\/\/spczesniki.pl\/index.php\/wp-json\/wp\/v2\/pages\/2074","targetHints":{"allow":["GET"]}}],"collection":[{"href":"https:\/\/spczesniki.pl\/index.php\/wp-json\/wp\/v2\/pages"}],"about":[{"href":"https:\/\/spczesniki.pl\/index.php\/wp-json\/wp\/v2\/types\/page"}],"author":[{"embeddable":true,"href":"https:\/\/spczesniki.pl\/index.php\/wp-json\/wp\/v2\/users\/1"}],"replies":[{"embeddable":true,"href":"https:\/\/spczesniki.pl\/index.php\/wp-json\/wp\/v2\/comments?post=2074"}],"version-history":[{"count":7,"href":"https:\/\/spczesniki.pl\/index.php\/wp-json\/wp\/v2\/pages\/2074\/revisions"}],"predecessor-version":[{"id":52476,"href":"https:\/\/spczesniki.pl\/index.php\/wp-json\/wp\/v2\/pages\/2074\/revisions\/52476"}],"up":[{"embeddable":true,"href":"https:\/\/spczesniki.pl\/index.php\/wp-json\/wp\/v2\/pages\/2011"}],"wp:attachment":[{"href":"https:\/\/spczesniki.pl\/index.php\/wp-json\/wp\/v2\/media?parent=2074"}],"curies":[{"name":"wp","href":"https:\/\/api.w.org\/{rel}","templated":true}]}}