{"id":2072,"date":"2022-03-26T07:57:00","date_gmt":"2022-03-26T07:57:00","guid":{"rendered":"https:\/\/spczesniki.pl\/?page_id=2072"},"modified":"2025-09-24T14:48:19","modified_gmt":"2025-09-24T14:48:19","slug":"klasa-4","status":"publish","type":"page","link":"https:\/\/spczesniki.pl\/index.php\/plan-lekcji\/klasa-4\/","title":{"rendered":"Klasa 4"},"content":{"rendered":"<table style=\"width: 89.4941%; height: 216px;\" width=\"0\">\n<tbody>\n<tr style=\"height: 24px;\">\n<td style=\"width: 16.2625%; height: 24px;\" width=\"94\"><strong>&nbsp;<\/strong><\/td>\n<td style=\"width: 13.7765%; text-align: center; height: 24px;\" width=\"104\"><strong>Poniedzia\u0142ek<\/strong><\/td>\n<td style=\"width: 16.029%; text-align: center; height: 24px;\" width=\"95\"><strong>Wtorek<\/strong><\/td>\n<td style=\"width: 12.8424%; text-align: center; height: 24px;\" width=\"92\"><strong>\u015aroda<\/strong><\/td>\n<td style=\"width: 21.1108%; text-align: center; height: 24px;\" width=\"140\"><strong>Czwartek<\/strong><\/td>\n<td style=\"width: 22.5259%; text-align: center; height: 24px;\" width=\"131\"><strong>Pi\u0105tek<\/strong><\/td>\n<\/tr>\n<tr style=\"height: 24px;\">\n<td style=\"width: 16.2625%; height: 24px;\" width=\"94\"><strong>8:00-8:45<\/strong><\/td>\n<td style=\"width: 13.7765%; height: 24px;\" width=\"104\">Muzyka<\/td>\n<td style=\"width: 16.029%; height: 24px;\" width=\"95\">Historia<\/td>\n<td style=\"width: 12.8424%; height: 24px;\" width=\"92\">Plastyka&nbsp;<\/td>\n<td style=\"width: 21.1108%; height: 24px;\" width=\"140\">Technika<\/td>\n<td style=\"width: 22.5259%; height: 24px;\" width=\"131\">J. polski<\/td>\n<\/tr>\n<tr style=\"height: 24px;\">\n<td style=\"width: 16.2625%; height: 24px;\" width=\"94\"><strong>8:50-9:35<\/strong><\/td>\n<td style=\"width: 13.7765%; height: 24px;\" width=\"104\">W-f<\/td>\n<td style=\"width: 16.029%; height: 24px;\" width=\"95\">J. polski<\/td>\n<td style=\"width: 12.8424%; height: 24px;\" width=\"92\">Matematyka<\/td>\n<td style=\"width: 21.1108%; height: 24px;\" width=\"140\">J. polski<\/td>\n<td style=\"width: 22.5259%; height: 24px;\" width=\"131\">Informatyka<\/td>\n<\/tr>\n<tr style=\"height: 24px;\">\n<td style=\"width: 16.2625%; height: 24px;\" width=\"94\"><strong>9:40-10:25<\/strong><\/td>\n<td style=\"width: 13.7765%; height: 24px;\" width=\"104\">J. polski<\/td>\n<td style=\"width: 16.029%; height: 24px;\" width=\"95\">Technika<\/td>\n<td style=\"width: 12.8424%; height: 24px;\" width=\"92\">G-w<\/td>\n<td style=\"width: 21.1108%; height: 24px;\" width=\"140\">Matematyka<\/td>\n<td style=\"width: 22.5259%; height: 24px;\" width=\"131\">Matematyka<\/td>\n<\/tr>\n<tr style=\"height: 24px;\">\n<td style=\"width: 16.2625%; height: 24px;\" width=\"94\"><strong>10:35-11:20<\/strong><\/td>\n<td style=\"width: 13.7765%; height: 24px;\" width=\"104\">J. angielski<\/td>\n<td style=\"width: 16.029%; height: 24px;\" width=\"95\">Przyroda<\/td>\n<td style=\"width: 12.8424%; height: 24px;\" width=\"92\">J. polski<\/td>\n<td style=\"width: 21.1108%; height: 24px;\" width=\"140\">W-f<\/td>\n<td style=\"width: 22.5259%; height: 24px;\" width=\"131\">J. angielski<\/td>\n<\/tr>\n<tr style=\"height: 24px;\">\n<td style=\"width: 16.2625%; height: 24px;\" width=\"94\"><strong>11:35-12:20<\/strong><\/td>\n<td style=\"width: 13.7765%; height: 24px;\" width=\"104\">Matematyka<\/td>\n<td style=\"width: 16.029%; height: 24px;\" width=\"95\">Religia<\/td>\n<td style=\"width: 12.8424%; height: 24px;\" width=\"92\">J. angielski<\/td>\n<td style=\"width: 21.1108%; height: 24px;\" width=\"140\">Przyroda<\/td>\n<td style=\"width: 22.5259%; height: 24px;\" width=\"131\">W-f<\/td>\n<\/tr>\n<tr style=\"height: 24px;\">\n<td style=\"width: 16.2625%; height: 24px;\" width=\"94\"><strong>12:25-13:10<\/strong><\/td>\n<td style=\"width: 13.7765%; height: 24px;\" width=\"104\">&nbsp;<\/td>\n<td style=\"width: 16.029%; height: 24px;\" width=\"95\">&nbsp;<\/td>\n<td style=\"width: 12.8424%; height: 24px;\" width=\"92\">W-f<\/td>\n<td style=\"width: 21.1108%; height: 24px;\" width=\"140\">E-z<\/td>\n<td style=\"width: 22.5259%; height: 24px;\" width=\"131\">&nbsp;<\/td>\n<\/tr>\n<tr style=\"height: 24px;\">\n<td style=\"width: 16.2625%; height: 24px;\" width=\"94\"><strong>13:15-14:00<\/strong><\/td>\n<td style=\"width: 13.7765%; height: 24px;\" width=\"104\">&nbsp;<\/td>\n<td style=\"width: 16.029%; height: 24px;\" width=\"95\">&nbsp;<\/td>\n<td style=\"width: 12.8424%; height: 24px;\" width=\"92\">&nbsp;<\/td>\n<td style=\"width: 21.1108%; height: 24px;\" width=\"140\">&nbsp;<\/td>\n<td style=\"width: 22.5259%; height: 24px;\" width=\"131\">&nbsp;<\/td>\n<\/tr>\n<tr style=\"height: 24px;\">\n<td style=\"width: 16.2625%; height: 24px;\" width=\"94\"><strong>14:05-14:50<\/strong><\/td>\n<td style=\"width: 13.7765%; height: 24px;\" width=\"104\">&nbsp;<\/td>\n<td style=\"width: 16.029%; height: 24px;\" width=\"95\">&nbsp;<\/td>\n<td style=\"width: 12.8424%; height: 24px;\" width=\"92\">&nbsp;<\/td>\n<td style=\"width: 21.1108%; height: 24px;\" width=\"140\">&nbsp;<\/td>\n<td style=\"width: 22.5259%; height: 24px;\" width=\"131\">&nbsp;<\/td>\n<\/tr>\n<\/tbody>\n<\/table>\n","protected":false},"excerpt":{"rendered":"<p>&nbsp; Poniedzia\u0142ek Wtorek \u015aroda Czwartek Pi\u0105tek 8:00-8:45 Muzyka Historia Plastyka&nbsp; Technika J. polski 8:50-9:35 W-f J. polski Matematyka J. polski Informatyka 9:40-10:25 J. polski Technika G-w Matematyka Matematyka 10:35-11:20 J. angielski Przyroda J. polski W-f J. angielski 11:35-12:20 Matematyka Religia J. angielski Przyroda W-f 12:25-13:10 &nbsp; &nbsp; W-f E-z &nbsp; [&hellip;]<\/p>\n","protected":false},"author":1,"featured_media":0,"parent":2011,"menu_order":0,"comment_status":"closed","ping_status":"closed","template":"","meta":{"ngg_post_thumbnail":0,"footnotes":""},"class_list":["post-2072","page","type-page","status-publish","hentry"],"_links":{"self":[{"href":"https:\/\/spczesniki.pl\/index.php\/wp-json\/wp\/v2\/pages\/2072","targetHints":{"allow":["GET"]}}],"collection":[{"href":"https:\/\/spczesniki.pl\/index.php\/wp-json\/wp\/v2\/pages"}],"about":[{"href":"https:\/\/spczesniki.pl\/index.php\/wp-json\/wp\/v2\/types\/page"}],"author":[{"embeddable":true,"href":"https:\/\/spczesniki.pl\/index.php\/wp-json\/wp\/v2\/users\/1"}],"replies":[{"embeddable":true,"href":"https:\/\/spczesniki.pl\/index.php\/wp-json\/wp\/v2\/comments?post=2072"}],"version-history":[{"count":7,"href":"https:\/\/spczesniki.pl\/index.php\/wp-json\/wp\/v2\/pages\/2072\/revisions"}],"predecessor-version":[{"id":52483,"href":"https:\/\/spczesniki.pl\/index.php\/wp-json\/wp\/v2\/pages\/2072\/revisions\/52483"}],"up":[{"embeddable":true,"href":"https:\/\/spczesniki.pl\/index.php\/wp-json\/wp\/v2\/pages\/2011"}],"wp:attachment":[{"href":"https:\/\/spczesniki.pl\/index.php\/wp-json\/wp\/v2\/media?parent=2072"}],"curies":[{"name":"wp","href":"https:\/\/api.w.org\/{rel}","templated":true}]}}