{"id":2070,"date":"2022-03-26T07:56:48","date_gmt":"2022-03-26T07:56:48","guid":{"rendered":"https:\/\/spczesniki.pl\/?page_id=2070"},"modified":"2025-09-24T14:45:32","modified_gmt":"2025-09-24T14:45:32","slug":"klasa-3","status":"publish","type":"page","link":"https:\/\/spczesniki.pl\/index.php\/plan-lekcji\/klasa-3\/","title":{"rendered":"Klasa 3"},"content":{"rendered":"<table style=\"border-collapse: collapse; width: 100%; height: 216px;\">\n<tbody>\n<tr style=\"height: 24px;\">\n<td style=\"width: 16.6667%; height: 24px;\">&nbsp;<\/td>\n<td style=\"width: 16.6667%; height: 24px;\"><strong>Poniedzia\u0142ek<\/strong><\/td>\n<td style=\"width: 16.6667%; height: 24px;\"><strong>Wtorek<\/strong><\/td>\n<td style=\"width: 16.6667%; height: 24px;\"><strong>\u015aroda<\/strong><\/td>\n<td style=\"width: 16.6667%; height: 24px;\"><strong>Czwartek<\/strong><\/td>\n<td style=\"width: 16.6667%; height: 24px;\"><strong>Pi\u0105tek<\/strong><\/td>\n<\/tr>\n<tr style=\"height: 24px;\">\n<td style=\"width: 16.6667%; height: 24px;\"><strong>8.00-8.45<\/strong><\/td>\n<td style=\"width: 16.6667%; height: 24px;\">Religia<\/td>\n<td style=\"width: 16.6667%; height: 24px;\">J. angielski<\/td>\n<td style=\"width: 16.6667%; height: 24px;\">Edukacja wczesnoszkolna<\/td>\n<td style=\"width: 16.6667%; height: 24px;\">Edukacja wczesnoszkolna<\/td>\n<td style=\"width: 16.6667%; height: 24px;\">Edukacja wczesnoszkolna<\/td>\n<\/tr>\n<tr style=\"height: 24px;\">\n<td style=\"width: 16.6667%; height: 24px;\"><strong>8.50-9.35<\/strong><\/td>\n<td style=\"width: 16.6667%; height: 24px;\">Edukacja wczesnoszkolna<\/td>\n<td style=\"width: 16.6667%; height: 24px;\">Edukacja wczesnoszkolna<\/td>\n<td style=\"width: 16.6667%; height: 24px;\">Edukacja wczesnoszkolna<\/td>\n<td style=\"width: 16.6667%; height: 24px;\">Edukacja wczesnoszkolna<\/td>\n<td style=\"width: 16.6667%; height: 24px;\">Edukacja wczesnoszkolna<\/td>\n<\/tr>\n<tr style=\"height: 24px;\">\n<td style=\"width: 16.6667%; height: 24px;\"><strong>9.40-10.25<\/strong><\/td>\n<td style=\"width: 16.6667%; height: 24px;\">Informatyka<\/td>\n<td style=\"width: 16.6667%; height: 24px;\">Edukacja wczesnoszkolna<\/td>\n<td style=\"width: 16.6667%; height: 24px;\">Edukacja wczesnoszkolna<\/td>\n<td style=\"width: 16.6667%; height: 24px;\">Edukacja wczesnoszkolna<\/td>\n<td style=\"width: 16.6667%; height: 24px;\">Edukacja wczesnoszkolna<\/td>\n<\/tr>\n<tr style=\"height: 24px;\">\n<td style=\"width: 16.6667%; height: 24px;\"><strong>10.35-11.20<\/strong><\/td>\n<td style=\"width: 16.6667%; height: 24px;\">Muzyka<\/td>\n<td style=\"width: 16.6667%; height: 24px;\">Plastyka<\/td>\n<td style=\"width: 16.6667%; height: 24px;\">W-f<\/td>\n<td style=\"width: 16.6667%; height: 24px;\">Edukacja wczesnoszkolna<\/td>\n<td style=\"width: 16.6667%; height: 24px;\">W-f<\/td>\n<\/tr>\n<tr style=\"height: 24px;\">\n<td style=\"width: 16.6667%; height: 24px;\"><strong>11.35-12.20<\/strong><\/td>\n<td style=\"width: 16.6667%; height: 24px;\">J. angielski<\/td>\n<td style=\"width: 16.6667%; height: 24px;\">W-f<\/td>\n<td style=\"width: 16.6667%; height: 24px;\">&nbsp;<\/td>\n<td style=\"width: 16.6667%; height: 24px;\">&nbsp;<\/td>\n<td style=\"width: 16.6667%; height: 24px;\">&nbsp;<\/td>\n<\/tr>\n<tr style=\"height: 24px;\">\n<td style=\"width: 16.6667%; height: 24px;\"><strong>12.25-13.10<\/strong><\/td>\n<td style=\"width: 16.6667%; height: 24px;\">&nbsp;<\/td>\n<td style=\"width: 16.6667%; height: 24px;\">&nbsp;<\/td>\n<td style=\"width: 16.6667%; height: 24px;\">&nbsp;<\/td>\n<td style=\"width: 16.6667%; height: 24px;\">&nbsp;<\/td>\n<td style=\"width: 16.6667%; height: 24px;\">&nbsp;<\/td>\n<\/tr>\n<\/tbody>\n<\/table>\n<p>&nbsp;<\/p>\n","protected":false},"excerpt":{"rendered":"<p>&nbsp; Poniedzia\u0142ek Wtorek \u015aroda Czwartek Pi\u0105tek 8.00-8.45 Religia J. angielski Edukacja wczesnoszkolna Edukacja wczesnoszkolna Edukacja wczesnoszkolna 8.50-9.35 Edukacja wczesnoszkolna Edukacja wczesnoszkolna Edukacja wczesnoszkolna Edukacja wczesnoszkolna Edukacja wczesnoszkolna 9.40-10.25 Informatyka Edukacja wczesnoszkolna Edukacja wczesnoszkolna Edukacja wczesnoszkolna Edukacja wczesnoszkolna 10.35-11.20 Muzyka Plastyka W-f Edukacja wczesnoszkolna W-f 11.35-12.20 J. angielski W-f &nbsp; &nbsp; [&hellip;]<\/p>\n","protected":false},"author":1,"featured_media":0,"parent":2011,"menu_order":0,"comment_status":"closed","ping_status":"closed","template":"","meta":{"ngg_post_thumbnail":0,"footnotes":""},"class_list":["post-2070","page","type-page","status-publish","hentry"],"_links":{"self":[{"href":"https:\/\/spczesniki.pl\/index.php\/wp-json\/wp\/v2\/pages\/2070","targetHints":{"allow":["GET"]}}],"collection":[{"href":"https:\/\/spczesniki.pl\/index.php\/wp-json\/wp\/v2\/pages"}],"about":[{"href":"https:\/\/spczesniki.pl\/index.php\/wp-json\/wp\/v2\/types\/page"}],"author":[{"embeddable":true,"href":"https:\/\/spczesniki.pl\/index.php\/wp-json\/wp\/v2\/users\/1"}],"replies":[{"embeddable":true,"href":"https:\/\/spczesniki.pl\/index.php\/wp-json\/wp\/v2\/comments?post=2070"}],"version-history":[{"count":5,"href":"https:\/\/spczesniki.pl\/index.php\/wp-json\/wp\/v2\/pages\/2070\/revisions"}],"predecessor-version":[{"id":52478,"href":"https:\/\/spczesniki.pl\/index.php\/wp-json\/wp\/v2\/pages\/2070\/revisions\/52478"}],"up":[{"embeddable":true,"href":"https:\/\/spczesniki.pl\/index.php\/wp-json\/wp\/v2\/pages\/2011"}],"wp:attachment":[{"href":"https:\/\/spczesniki.pl\/index.php\/wp-json\/wp\/v2\/media?parent=2070"}],"curies":[{"name":"wp","href":"https:\/\/api.w.org\/{rel}","templated":true}]}}