{"id":2066,"date":"2022-03-26T07:53:52","date_gmt":"2022-03-26T07:53:52","guid":{"rendered":"https:\/\/spczesniki.pl\/?page_id=2066"},"modified":"2025-09-24T14:35:53","modified_gmt":"2025-09-24T14:35:53","slug":"klasa-1","status":"publish","type":"page","link":"https:\/\/spczesniki.pl\/index.php\/plan-lekcji\/klasa-1\/","title":{"rendered":"Klasa 1"},"content":{"rendered":"<table style=\"border-collapse: collapse; width: 91.5663%; height: 149px;\">\n<tbody>\n<tr style=\"height: 29px;\">\n<td style=\"width: 12.9713%; height: 29px;\">&nbsp;<\/td>\n<td style=\"width: 15.6001%; height: 29px;\"><strong>Poniedzia\u0142ek<\/strong><\/td>\n<td style=\"width: 14.2857%; height: 29px;\"><strong>Wtorek<\/strong><\/td>\n<td style=\"width: 14.2857%; height: 29px;\"><strong>\u015aroda<\/strong><\/td>\n<td style=\"width: 14.2857%; height: 29px;\"><strong>Czwartek<\/strong><\/td>\n<td style=\"width: 14.2857%; height: 29px;\"><strong>Pi\u0105tek&nbsp;<\/strong><\/td>\n<\/tr>\n<tr style=\"height: 24px;\">\n<td style=\"width: 12.9713%; height: 24px;\"><strong>8.00- 8.45<\/strong><\/td>\n<td style=\"width: 15.6001%; height: 24px;\">Edukacja wczesnoszkolna<\/td>\n<td style=\"width: 14.2857%; height: 24px;\">Edukacja wczesnoszkolna<\/td>\n<td style=\"width: 14.2857%; height: 24px;\">Edukacja wczesnoszkolna<\/td>\n<td style=\"width: 14.2857%; height: 24px;\">Religia<\/td>\n<td style=\"width: 14.2857%; height: 24px;\">Edukacja wczesnoszkolna<\/td>\n<\/tr>\n<tr style=\"height: 24px;\">\n<td style=\"width: 12.9713%; height: 24px;\"><strong>8.50-9.35<\/strong><\/td>\n<td style=\"width: 15.6001%; height: 24px;\">Informatyka<\/td>\n<td style=\"width: 14.2857%; height: 24px;\">Edukacja wczesnoszkolna<\/td>\n<td style=\"width: 14.2857%; height: 24px;\">Edukacja wczesnoszkolna<\/td>\n<td style=\"width: 14.2857%; height: 24px;\">Edukacja wczesnoszkolna<\/td>\n<td style=\"width: 14.2857%; height: 24px;\">Edukacja wczesnoszkolna<\/td>\n<\/tr>\n<tr style=\"height: 24px;\">\n<td style=\"width: 12.9713%; height: 24px;\"><strong>9.40-10.25<\/strong><\/td>\n<td style=\"width: 15.6001%; height: 24px;\">Edukacja wczesnoszkolna<\/td>\n<td style=\"width: 14.2857%; height: 24px;\">J. angielski<\/td>\n<td style=\"width: 14.2857%; height: 24px;\">Zaj\u0119cia teatralno-wokalne<\/td>\n<td style=\"width: 14.2857%; height: 24px;\">Edukacja wczesnoszkolna<\/td>\n<td style=\"width: 14.2857%; height: 24px;\">Edukacja wczesnoszkolna<\/td>\n<\/tr>\n<tr style=\"height: 24px;\">\n<td style=\"width: 12.9713%; height: 24px;\"><strong>10.35-11.20<\/strong><\/td>\n<td style=\"width: 15.6001%; height: 24px;\">Muzyka&nbsp;<\/td>\n<td style=\"width: 14.2857%; height: 24px;\">Plastyka<\/td>\n<td style=\"width: 14.2857%; height: 24px;\">W-f<\/td>\n<td style=\"width: 14.2857%; height: 24px;\">Edukacja wczesnoszkolna<\/td>\n<td style=\"width: 14.2857%; height: 24px;\">W-f<\/td>\n<\/tr>\n<tr style=\"height: 24px;\">\n<td style=\"width: 12.9713%; height: 24px;\"><strong>11.35-12.20<\/strong><\/td>\n<td style=\"width: 15.6001%; height: 24px;\">&nbsp;<\/td>\n<td style=\"width: 14.2857%; height: 24px;\">W-f<\/td>\n<td style=\"width: 14.2857%; height: 24px;\">&nbsp;<\/td>\n<td style=\"width: 14.2857%; height: 24px;\">&nbsp;<\/td>\n<td style=\"width: 14.2857%; height: 24px;\">J. angielski<\/td>\n<\/tr>\n<\/tbody>\n<\/table>\n","protected":false},"excerpt":{"rendered":"<p>&nbsp; Poniedzia\u0142ek Wtorek \u015aroda Czwartek Pi\u0105tek&nbsp; 8.00- 8.45 Edukacja wczesnoszkolna Edukacja wczesnoszkolna Edukacja wczesnoszkolna Religia Edukacja wczesnoszkolna 8.50-9.35 Informatyka Edukacja wczesnoszkolna Edukacja wczesnoszkolna Edukacja wczesnoszkolna Edukacja wczesnoszkolna 9.40-10.25 Edukacja wczesnoszkolna J. angielski Zaj\u0119cia teatralno-wokalne Edukacja wczesnoszkolna Edukacja wczesnoszkolna 10.35-11.20 Muzyka&nbsp; Plastyka W-f Edukacja wczesnoszkolna W-f 11.35-12.20 &nbsp; W-f &nbsp; &nbsp; [&hellip;]<\/p>\n","protected":false},"author":1,"featured_media":0,"parent":2011,"menu_order":0,"comment_status":"closed","ping_status":"closed","template":"","meta":{"ngg_post_thumbnail":0,"footnotes":""},"class_list":["post-2066","page","type-page","status-publish","hentry"],"_links":{"self":[{"href":"https:\/\/spczesniki.pl\/index.php\/wp-json\/wp\/v2\/pages\/2066","targetHints":{"allow":["GET"]}}],"collection":[{"href":"https:\/\/spczesniki.pl\/index.php\/wp-json\/wp\/v2\/pages"}],"about":[{"href":"https:\/\/spczesniki.pl\/index.php\/wp-json\/wp\/v2\/types\/page"}],"author":[{"embeddable":true,"href":"https:\/\/spczesniki.pl\/index.php\/wp-json\/wp\/v2\/users\/1"}],"replies":[{"embeddable":true,"href":"https:\/\/spczesniki.pl\/index.php\/wp-json\/wp\/v2\/comments?post=2066"}],"version-history":[{"count":6,"href":"https:\/\/spczesniki.pl\/index.php\/wp-json\/wp\/v2\/pages\/2066\/revisions"}],"predecessor-version":[{"id":52480,"href":"https:\/\/spczesniki.pl\/index.php\/wp-json\/wp\/v2\/pages\/2066\/revisions\/52480"}],"up":[{"embeddable":true,"href":"https:\/\/spczesniki.pl\/index.php\/wp-json\/wp\/v2\/pages\/2011"}],"wp:attachment":[{"href":"https:\/\/spczesniki.pl\/index.php\/wp-json\/wp\/v2\/media?parent=2066"}],"curies":[{"name":"wp","href":"https:\/\/api.w.org\/{rel}","templated":true}]}}