{"id":2009,"date":"2022-03-03T12:08:27","date_gmt":"2022-03-03T12:08:27","guid":{"rendered":"https:\/\/spczesniki.pl\/?page_id=2009"},"modified":"2023-06-01T10:30:16","modified_gmt":"2023-06-01T10:30:16","slug":"aktualnosci","status":"publish","type":"page","link":"https:\/\/spczesniki.pl\/index.php\/aktualnosci\/","title":{"rendered":"Aktualno\u015bci"},"content":{"rendered":"<p><img decoding=\"async\" class=\"alignnone wp-image-2197\" src=\"https:\/\/spczesniki.pl\/wp-content\/uploads\/2022\/07\/pobrane-300x67.png\" alt=\"\" width=\"466\" height=\"104\" srcset=\"https:\/\/spczesniki.pl\/wp-content\/uploads\/2022\/07\/pobrane-300x67.png 300w, https:\/\/spczesniki.pl\/wp-content\/uploads\/2022\/07\/pobrane.png 614w\" sizes=\"(max-width: 466px) 100vw, 466px\" \/><\/p>\n<p><strong>Sprawozdanie z realizacji wycieczki klas 4-8 dofinansowanej w ramach przedsi\u0119wzi\u0119cia pt. Poznaj Polsk\u0119<\/strong><\/p>\n<p>Istniej\u0105 takie miejsca, kt\u00f3re ka\u017cdy Polak przynajmniej raz w \u017cyciu powinien odwiedzi\u0107, by m\u00f3c pozna\u0107<br \/>\nprawdziwie dziedzictwo w\u0142asnego kraju. Program \u201ePoznaj Polsk\u0119\u201d umo\u017cliwi\u0142 nam zorganizowanie<br \/>\ndwudniowej wycieczki zwi\u0105zanej z zakresem tematycznym: \u201dKultura i dziedzictwo<br \/>\nnarodowe\u201d:<br \/>\nUczniowie Szko\u0142y Podstawowej w Cze\u015bnikach w dniu 7.06.2022r. o godz. 8 rano dzi\u0119ki przedsi\u0119wzi\u0119ciu<br \/>\nMinistra Edukacji i Nauki, wyjechali na wycieczk\u0119 szkoln\u0105 Lublina, gdzie mieli mo\u017cliwo\u015b\u0107 zwiedzanie z<br \/>\nprzewodnikiem historycznego zespo\u0142u architektonicznego. Podziwiali dziedziniec zamkowy, spacerowali<br \/>\nuliczkami starego miasta, gdzie poznawali histori\u0119 i ciekawe wydarzenia z naszej przesz\u0142o\u015bci z ust<br \/>\nprzewodnika. Jednym z punkt\u00f3w wycieczki ciesz\u0105cych si\u0119 du\u017cym zainteresowaniem by\u0142a Lubelska Trasa<br \/>\nPodziemna. Spacer zabytkowymi piwnicami staromiejskimi, dostarcza\u0142 wielu emocji i by\u0142 jednocze\u015bnie<br \/>\nw\u0119dr\u00f3wk\u0105 w czasie pozwalaj\u0105c\u0105 odkry\u0107 przesz\u0142o\u015b\u0107 miasta. Histori\u0119 rozwoju przestrzennego Lublina<br \/>\nprzybli\u017ca\u0142y ekspozycje sk\u0142adaj\u0105ce si\u0119 z cyklu makiet. pozosta\u0142o\u015bci ko\u015bcio\u0142a farnego, Trybuna\u0142 Koronny,<br \/>\nkamie\u0144 nieszcz\u0119\u015b\u0107, ko\u015bci\u00f3\u0142 i klasztor Dominikan\u00f3w, Wie\u017ca Trynitarska, archikatedra lubelska z kaplic\u0105<br \/>\nakustyczn\u0105, Brama Krakowska, Plac Litewski z pomnikiem Unii Polsko \u2013 Litewskiej, Pi\u0142sudskiego i<br \/>\nKonstytucji 3 Maja, dziedziniec Katolickiego Uniwersytetu Lubelskiego \u2013 pomnik \u015aw. Jana Paw\u0142a II i b\u0142.<br \/>\nStefana Wyszy\u0144skiego \u2013 obiadokolacja i nocleg w hotelu w Lublinie .<br \/>\nNast\u0119pnego dnia po \u015bniadaniu nasza wycieczka wyjecha\u0142a do Kazimierza Dolnego jednego z najpi\u0119kniejszych<br \/>\nmiasteczek renesansowych w Polsce, nazywanego \u201eper\u0142\u0105 polskiego renesansu\u201d. Zwiedzanie rozpocz\u0119li\u015bmy od<br \/>\nzamku zbudowanego w po\u0142owie XIV wieku przez Kazimierza Wielkiego. Nast\u0119pnym punktem by\u0142a Baszta \u2013<br \/>\nnajstarszy kazimierski zabytek z pocz\u0105tku XIV wieku. Nast\u0119pnie spacer po bulwarach wi\u015blanych.<br \/>\nObejrzeli\u015bmy r\u00f3wnie\u017c Kamienic\u0119 Celejowsk\u0105 zwan\u0105 \u201ePod \u015awi\u0119tym Bart\u0142omiejem\u201d znanej z najpi\u0119kniejszej<br \/>\nattyki w Polsce. Nast\u0119pnie udali\u015bmy si\u0119 na Gor\u0119 Trzech Krzy\u017cy \u2013 wspania\u0142y punkt widokowy na miasto. Jest<br \/>\nto najwy\u017csze wzg\u00f3rze Kazimierza. Warto by\u0142o tutaj wej\u015b\u0107, by zobaczy\u0107 jedn\u0105 z najpi\u0119kniejszych panoram w<br \/>\nPolsce. Ostatnim punktem wizyty w Kazimierzu by\u0142 rejs statkiem. Po pe\u0142nym emocji i pozytywnych wra\u017ce\u0144<br \/>\nrejsie udali\u015bmy si\u0119 do Pu\u0142aw. Tam zwiedzali\u015bmy pa\u0142ac i park Czartoryskich. Jest to pi\u0119kna barokowa budowla,<br \/>\nw kt\u00f3rej udost\u0119pnionych do zwiedzania by\u0142o kilka sal tematycznych z przedmiotami, kt\u00f3re nale\u017ca\u0142y do rodziny<br \/>\nCzartoryskich. Tam te\u017c pracownicy muzeum przygotowali dla dzieci lekcj\u0119 muzealn\u0105, uczniowie rozwi\u0105zywali<br \/>\nr\u00f3\u017cne zagadki i \u0142amig\u0142\u00f3wki zwi\u0105zane z rodzin\u0105 Czartoryskich. Jedna z atrakcji, kt\u00f3ra wzbudzi\u0142a najwi\u0119cej<br \/>\nemocji by\u0142y pr\u0119\u017c\u0105ce si\u0119 przed budynkiem pawie. Po obiedzie wyruszyli\u015bmy w drog\u0119 powrotn\u0105 do Zamo\u015bcia.<br \/>\nNa miejsce zbi\u00f3rki dotarli\u015bmy ok. godz. 20.00<\/p>\n<p>&nbsp;<\/p>\n","protected":false},"excerpt":{"rendered":"<p>Sprawozdanie z realizacji wycieczki klas 4-8 dofinansowanej w ramach przedsi\u0119wzi\u0119cia pt. Poznaj Polsk\u0119 Istniej\u0105 takie miejsca, kt\u00f3re ka\u017cdy Polak przynajmniej raz w \u017cyciu powinien odwiedzi\u0107, by m\u00f3c pozna\u0107 prawdziwie dziedzictwo w\u0142asnego kraju. Program \u201ePoznaj Polsk\u0119\u201d umo\u017cliwi\u0142 nam zorganizowanie dwudniowej wycieczki zwi\u0105zanej z zakresem tematycznym: \u201dKultura i dziedzictwo narodowe\u201d: Uczniowie Szko\u0142y [&hellip;]<\/p>\n","protected":false},"author":1,"featured_media":2940,"parent":0,"menu_order":1,"comment_status":"closed","ping_status":"open","template":"templates\/blank.php","meta":{"ngg_post_thumbnail":0,"footnotes":""},"class_list":["post-2009","page","type-page","status-publish","has-post-thumbnail","hentry"],"_links":{"self":[{"href":"https:\/\/spczesniki.pl\/index.php\/wp-json\/wp\/v2\/pages\/2009","targetHints":{"allow":["GET"]}}],"collection":[{"href":"https:\/\/spczesniki.pl\/index.php\/wp-json\/wp\/v2\/pages"}],"about":[{"href":"https:\/\/spczesniki.pl\/index.php\/wp-json\/wp\/v2\/types\/page"}],"author":[{"embeddable":true,"href":"https:\/\/spczesniki.pl\/index.php\/wp-json\/wp\/v2\/users\/1"}],"replies":[{"embeddable":true,"href":"https:\/\/spczesniki.pl\/index.php\/wp-json\/wp\/v2\/comments?post=2009"}],"version-history":[{"count":5,"href":"https:\/\/spczesniki.pl\/index.php\/wp-json\/wp\/v2\/pages\/2009\/revisions"}],"predecessor-version":[{"id":2943,"href":"https:\/\/spczesniki.pl\/index.php\/wp-json\/wp\/v2\/pages\/2009\/revisions\/2943"}],"wp:featuredmedia":[{"embeddable":true,"href":"https:\/\/spczesniki.pl\/index.php\/wp-json\/wp\/v2\/media\/2940"}],"wp:attachment":[{"href":"https:\/\/spczesniki.pl\/index.php\/wp-json\/wp\/v2\/media?parent=2009"}],"curies":[{"name":"wp","href":"https:\/\/api.w.org\/{rel}","templated":true}]}}