{"id":2007,"date":"2022-03-03T12:08:17","date_gmt":"2022-03-03T12:08:17","guid":{"rendered":"https:\/\/spczesniki.pl\/?page_id=2007"},"modified":"2025-04-24T09:51:30","modified_gmt":"2025-04-24T09:51:30","slug":"nauczyciele","status":"publish","type":"page","link":"https:\/\/spczesniki.pl\/index.php\/nauczyciele\/","title":{"rendered":"Nauczyciele"},"content":{"rendered":"<p><strong>GRONO PEDAGOGCZNE:<\/strong><\/p>\n<table style=\"height: 949px; width: 136.349%;\" width=\"136.349%\">\n<tbody>\n<tr style=\"height: 94px;\">\n<td style=\"width: 20.2206%; height: 58px;\"><strong>Joanna Zosik-Kalbarczyk<\/strong><\/td>\n<td style=\"height: 58px; width: 79.3382%;\"><strong>Dyrektor szko\u0142y, nauczyciel przyrody i geografii<\/strong><\/td>\n<\/tr>\n<tr style=\"height: 76px;\">\n<td style=\"width: 20.2206%; height: 27px;\">Ma\u0142gorzata Dybiec<\/td>\n<td style=\"height: 27px; width: 79.3382%;\">nauczyciel j\u0119zyka rosyjskiego i EDB<\/td>\n<\/tr>\n<tr style=\"height: 56px;\">\n<td style=\"height: 56px; width: 20.2206%;\">Sygientowska Agnieszka<\/td>\n<td style=\"height: 56px; width: 79.3382%;\">nauczyciel matematyki i informatyki<\/td>\n<\/tr>\n<tr style=\"height: 56px;\">\n<td style=\"height: 56px; width: 20.2206%;\">Skorniewska Ma\u0142gorzata<\/td>\n<td style=\"height: 56px; width: 79.3382%;\">nauczyciel wsp\u00f3\u0142organizuj\u0105cy kszta\u0142cenie<\/td>\n<\/tr>\n<tr style=\"height: 56px;\">\n<td style=\"height: 56px; width: 20.2206%;\">Renata Wilk<\/td>\n<td style=\"height: 56px; width: 79.3382%;\">nauczyciel j\u0119zyka polskiego, wychowawca klasy V<\/td>\n<\/tr>\n<tr style=\"height: 56px;\">\n<td style=\"height: 56px; width: 20.2206%;\">Magdalena Kaw\u0119cka<\/td>\n<td style=\"height: 56px; width: 79.3382%;\">nauczyciel edukacji przedszkolnie i wczesnoszkolnej, doradztwa zawodowego, wychowawca klasy II<\/td>\n<\/tr>\n<tr style=\"height: 56px;\">\n<td style=\"height: 56px; width: 20.2206%;\">Monika St\u0105siek<\/td>\n<td style=\"height: 56px; width: 79.3382%;\">nauczyciel&nbsp; j\u0119zyka angielskiego, wychowawca klasy IV<\/td>\n<\/tr>\n<tr style=\"height: 56px;\">\n<td style=\"height: 56px; width: 20.2206%;\">Maciej Szynkarczuk<\/td>\n<td style=\"height: 56px; width: 79.3382%;\">nauczyciel wychowania fizycznego, nauczyciel plastyki, wychowawca klasy VIII<\/td>\n<\/tr>\n<tr style=\"height: 56px;\">\n<td style=\"height: 56px; width: 20.2206%;\">ks. Czes\u0142aw Szczerba<\/td>\n<td style=\"height: 56px; width: 79.3382%;\">nauczyciel religii<\/td>\n<\/tr>\n<tr style=\"height: 56px;\">\n<td style=\"height: 56px; width: 20.2206%;\">Anna Smusz<\/td>\n<td style=\"height: 56px; width: 79.3382%;\">nauczyciel edukacji przedszkolnej (grupa 5 i 6 latk\u00f3w)<\/td>\n<\/tr>\n<tr style=\"height: 56px;\">\n<td style=\"height: 56px; width: 20.2206%;\">Monika Lejb-Bury\u015b<\/td>\n<td style=\"height: 56px; width: 79.3382%;\">nauczyciel historii, WOS, wychowania do \u017cycia w rodzinie, nauczyciel biologii<\/td>\n<\/tr>\n<tr style=\"height: 56px;\">\n<td style=\"height: 56px; width: 20.2206%;\">El\u017cbieta &nbsp;Cie\u015blak<\/td>\n<td style=\"height: 56px; width: 79.3382%;\">nauczyciel edukacji wczesnoszkolnej, wychowawca klasy III, nauczyciel j\u0119zyka polskiego<\/td>\n<\/tr>\n<tr style=\"height: 80px;\">\n<td style=\"height: 80px; width: 20.2206%;\">Jadwiga \u015awist-Harczuk<\/td>\n<td style=\"height: 80px; width: 79.3382%;\">nauczyciel techniki, informatyki,<br \/>\nnauczyciel wsp\u00f3\u0142organizuj\u0105cy kszta\u0142cenie<\/td>\n<\/tr>\n<tr style=\"height: 56px;\">\n<td style=\"height: 56px; width: 20.2206%;\">Sylwia Guzik<\/td>\n<td style=\"height: 56px; width: 79.3382%;\">nauczyciel edukacji wczesnoszkolnej<\/td>\n<\/tr>\n<tr style=\"height: 56px;\">\n<td style=\"height: 56px; width: 20.2206%;\">Angelika Pastuszak<\/td>\n<td style=\"height: 56px; width: 79.3382%;\">pedagog specjalny, nauczyciel edukacji przedszkolnej (grupa 3 i 4 latk\u00f3w)<\/td>\n<\/tr>\n<tr style=\"height: 56px;\">\n<td style=\"height: 56px; width: 20.2206%;\">Cezary Gomu\u0142ka<\/td>\n<td style=\"height: 56px; width: 79.3382%;\">&nbsp;muzyki<\/td>\n<\/tr>\n<tr style=\"height: 56px;\">\n<td style=\"height: 56px; width: 20.2206%;\">Joanna Ku\u0142acz<\/td>\n<td style=\"height: 56px; width: 79.3382%;\">nauczyciel fizyki, chemii<\/td>\n<\/tr>\n<\/tbody>\n<\/table>\n<p>&nbsp;<\/p>\n","protected":false},"excerpt":{"rendered":"<p>GRONO PEDAGOGCZNE: Joanna Zosik-Kalbarczyk Dyrektor szko\u0142y, nauczyciel przyrody i geografii Ma\u0142gorzata Dybiec nauczyciel j\u0119zyka rosyjskiego i EDB Sygientowska Agnieszka nauczyciel matematyki i informatyki Skorniewska Ma\u0142gorzata nauczyciel wsp\u00f3\u0142organizuj\u0105cy kszta\u0142cenie Renata Wilk nauczyciel j\u0119zyka polskiego, wychowawca klasy V Magdalena Kaw\u0119cka nauczyciel edukacji przedszkolnie i wczesnoszkolnej, doradztwa zawodowego, wychowawca klasy II Monika St\u0105siek [&hellip;]<\/p>\n","protected":false},"author":1,"featured_media":0,"parent":0,"menu_order":0,"comment_status":"closed","ping_status":"open","template":"","meta":{"ngg_post_thumbnail":0,"footnotes":""},"class_list":["post-2007","page","type-page","status-publish","hentry"],"_links":{"self":[{"href":"https:\/\/spczesniki.pl\/index.php\/wp-json\/wp\/v2\/pages\/2007","targetHints":{"allow":["GET"]}}],"collection":[{"href":"https:\/\/spczesniki.pl\/index.php\/wp-json\/wp\/v2\/pages"}],"about":[{"href":"https:\/\/spczesniki.pl\/index.php\/wp-json\/wp\/v2\/types\/page"}],"author":[{"embeddable":true,"href":"https:\/\/spczesniki.pl\/index.php\/wp-json\/wp\/v2\/users\/1"}],"replies":[{"embeddable":true,"href":"https:\/\/spczesniki.pl\/index.php\/wp-json\/wp\/v2\/comments?post=2007"}],"version-history":[{"count":8,"href":"https:\/\/spczesniki.pl\/index.php\/wp-json\/wp\/v2\/pages\/2007\/revisions"}],"predecessor-version":[{"id":45078,"href":"https:\/\/spczesniki.pl\/index.php\/wp-json\/wp\/v2\/pages\/2007\/revisions\/45078"}],"wp:attachment":[{"href":"https:\/\/spczesniki.pl\/index.php\/wp-json\/wp\/v2\/media?parent=2007"}],"curies":[{"name":"wp","href":"https:\/\/api.w.org\/{rel}","templated":true}]}}