{"id":2004,"date":"2022-03-03T12:07:56","date_gmt":"2022-03-03T12:07:56","guid":{"rendered":"https:\/\/spczesniki.pl\/?page_id=2004"},"modified":"2025-10-27T11:32:46","modified_gmt":"2025-10-27T11:32:46","slug":"dla-rodzicow","status":"publish","type":"page","link":"https:\/\/spczesniki.pl\/index.php\/dla-rodzicow\/","title":{"rendered":"Dla rodzic\u00f3w"},"content":{"rendered":"<p><a href=\"https:\/\/spczesniki.pl\/wp-content\/uploads\/2024\/06\/Lista-dzieci-przyjetych-do-kl.I-i-oddzialow-przedszkolnych-na-rok-2024-2025.docx\">Lista dzieci przyj\u0119tych do kl.I i oddzia\u0142\u00f3w przedszkolnych na rok 2024-2025<\/a><\/p>\n<p><strong>Dni wolne od zaj\u0119\u0107 dydaktycznych w roku szkolnym 2025\/2026<\/strong><\/p>\n<p>Informujemy, \u017ce w roku szkolnym <strong>2025\/2026<\/strong> dniami wolnymi od zaj\u0119\u0107 dydaktycznych s\u0105:<\/p>\n<ul>\n<li><strong>31 pa\u017adziernika 2025 r. (pi\u0105tek)<\/strong><\/li>\n<li><strong>10 listopada 2025r. (poniedzia\u0142ek)<\/strong><\/li>\n<li><strong>2 stycznia 2026 r. (pi\u0105tek)<\/strong><\/li>\n<li><strong>5 stycznia 2026 r. (poniedzia\u0142ek)<\/strong><\/li>\n<li><strong>11\u201313 maja 2026 r. (poniedzia\u0142ek\u2013\u015broda)<\/strong> \u2013 <strong>egzamin \u00f3smoklasisty<\/strong><\/li>\n<li><strong>5 czerwca 2026 r. (pi\u0105tek)<\/strong><\/li>\n<\/ul>\n<p><strong>Podstawa prawna:<\/strong><\/p>\n<ol>\n<li>Rozporz\u0105dzenie Ministra Edukacji Narodowej w sprawie organizacji roku szkolnego (Dz.U. z 2017 r. poz. 1603 z p\u00f3\u017an. zm.) \u2013 \u00a7 3 ust. 1 pkt 3.<\/li>\n<li>Ustawa z dnia 26 stycznia 1982 r. \u2013 Karta Nauczyciela (Dz.U. z 2021 r. poz. 1762) \u2013 art. 74.<\/li>\n<\/ol>\n<p><strong>&nbsp;<\/strong><\/p>\n<p>&nbsp;<\/p>\n","protected":false},"excerpt":{"rendered":"<p>Lista dzieci przyj\u0119tych do kl.I i oddzia\u0142\u00f3w przedszkolnych na rok 2024-2025 Dni wolne od zaj\u0119\u0107 dydaktycznych w roku szkolnym 2025\/2026 Informujemy, \u017ce w roku szkolnym 2025\/2026 dniami wolnymi od zaj\u0119\u0107 dydaktycznych s\u0105: 31 pa\u017adziernika 2025 r. (pi\u0105tek) 10 listopada 2025r. (poniedzia\u0142ek) 2 stycznia 2026 r. (pi\u0105tek) 5 stycznia 2026 r. [&hellip;]<\/p>\n","protected":false},"author":1,"featured_media":0,"parent":0,"menu_order":0,"comment_status":"closed","ping_status":"open","template":"","meta":{"ngg_post_thumbnail":0,"footnotes":""},"class_list":["post-2004","page","type-page","status-publish","hentry"],"_links":{"self":[{"href":"https:\/\/spczesniki.pl\/index.php\/wp-json\/wp\/v2\/pages\/2004","targetHints":{"allow":["GET"]}}],"collection":[{"href":"https:\/\/spczesniki.pl\/index.php\/wp-json\/wp\/v2\/pages"}],"about":[{"href":"https:\/\/spczesniki.pl\/index.php\/wp-json\/wp\/v2\/types\/page"}],"author":[{"embeddable":true,"href":"https:\/\/spczesniki.pl\/index.php\/wp-json\/wp\/v2\/users\/1"}],"replies":[{"embeddable":true,"href":"https:\/\/spczesniki.pl\/index.php\/wp-json\/wp\/v2\/comments?post=2004"}],"version-history":[{"count":6,"href":"https:\/\/spczesniki.pl\/index.php\/wp-json\/wp\/v2\/pages\/2004\/revisions"}],"predecessor-version":[{"id":37427,"href":"https:\/\/spczesniki.pl\/index.php\/wp-json\/wp\/v2\/pages\/2004\/revisions\/37427"}],"wp:attachment":[{"href":"https:\/\/spczesniki.pl\/index.php\/wp-json\/wp\/v2\/media?parent=2004"}],"curies":[{"name":"wp","href":"https:\/\/api.w.org\/{rel}","templated":true}]}}