{"id":17693,"date":"2023-10-25T19:45:54","date_gmt":"2023-10-25T19:45:54","guid":{"rendered":"https:\/\/spczesniki.pl\/?page_id=17693"},"modified":"2023-10-27T17:19:01","modified_gmt":"2023-10-27T17:19:01","slug":"zorganizowanie-zbiorki-elektrosmieci","status":"publish","type":"page","link":"https:\/\/spczesniki.pl\/index.php\/mala-ekologia-na-co-dzien\/zorganizowanie-zbiorki-elektrosmieci\/","title":{"rendered":"Zorganizowanie zbi\u00f3rki elektro\u015bmieci"},"content":{"rendered":"<p>Prelekcja nt. szkodliwo\u015bci dzikich wysypisk \u015bmieci, zw\u0142aszcza niew\u0142a\u015bciwej utylizacji zu\u017cytego sprz\u0119tu ekologicznego<\/p>\n<p><img fetchpriority=\"high\" decoding=\"async\" class=\"alignnone size-medium wp-image-17710\" src=\"https:\/\/spczesniki.pl\/wp-content\/uploads\/2023\/10\/1ekek-300x200.jpg\" alt=\"\" width=\"300\" height=\"200\" srcset=\"https:\/\/spczesniki.pl\/wp-content\/uploads\/2023\/10\/1ekek-300x200.jpg 300w, https:\/\/spczesniki.pl\/wp-content\/uploads\/2023\/10\/1ekek-1024x683.jpg 1024w, https:\/\/spczesniki.pl\/wp-content\/uploads\/2023\/10\/1ekek-768x512.jpg 768w, https:\/\/spczesniki.pl\/wp-content\/uploads\/2023\/10\/1ekek-1536x1024.jpg 1536w, https:\/\/spczesniki.pl\/wp-content\/uploads\/2023\/10\/1ekek-2048x1365.jpg 2048w\" sizes=\"(max-width: 300px) 100vw, 300px\" \/> <img decoding=\"async\" class=\"alignnone size-medium wp-image-17711\" src=\"https:\/\/spczesniki.pl\/wp-content\/uploads\/2023\/10\/2elek-300x200.jpg\" alt=\"\" width=\"300\" height=\"200\" srcset=\"https:\/\/spczesniki.pl\/wp-content\/uploads\/2023\/10\/2elek-300x200.jpg 300w, https:\/\/spczesniki.pl\/wp-content\/uploads\/2023\/10\/2elek-1024x683.jpg 1024w, https:\/\/spczesniki.pl\/wp-content\/uploads\/2023\/10\/2elek-768x512.jpg 768w, https:\/\/spczesniki.pl\/wp-content\/uploads\/2023\/10\/2elek-1536x1024.jpg 1536w, https:\/\/spczesniki.pl\/wp-content\/uploads\/2023\/10\/2elek-2048x1365.jpg 2048w\" sizes=\"(max-width: 300px) 100vw, 300px\" \/><\/p>\n","protected":false},"excerpt":{"rendered":"<p>Prelekcja nt. szkodliwo\u015bci dzikich wysypisk \u015bmieci, zw\u0142aszcza niew\u0142a\u015bciwej utylizacji zu\u017cytego sprz\u0119tu ekologicznego<\/p>\n","protected":false},"author":2,"featured_media":0,"parent":17634,"menu_order":0,"comment_status":"closed","ping_status":"closed","template":"","meta":{"ngg_post_thumbnail":0,"footnotes":""},"class_list":["post-17693","page","type-page","status-publish","hentry"],"_links":{"self":[{"href":"https:\/\/spczesniki.pl\/index.php\/wp-json\/wp\/v2\/pages\/17693","targetHints":{"allow":["GET"]}}],"collection":[{"href":"https:\/\/spczesniki.pl\/index.php\/wp-json\/wp\/v2\/pages"}],"about":[{"href":"https:\/\/spczesniki.pl\/index.php\/wp-json\/wp\/v2\/types\/page"}],"author":[{"embeddable":true,"href":"https:\/\/spczesniki.pl\/index.php\/wp-json\/wp\/v2\/users\/2"}],"replies":[{"embeddable":true,"href":"https:\/\/spczesniki.pl\/index.php\/wp-json\/wp\/v2\/comments?post=17693"}],"version-history":[{"count":5,"href":"https:\/\/spczesniki.pl\/index.php\/wp-json\/wp\/v2\/pages\/17693\/revisions"}],"predecessor-version":[{"id":17743,"href":"https:\/\/spczesniki.pl\/index.php\/wp-json\/wp\/v2\/pages\/17693\/revisions\/17743"}],"up":[{"embeddable":true,"href":"https:\/\/spczesniki.pl\/index.php\/wp-json\/wp\/v2\/pages\/17634"}],"wp:attachment":[{"href":"https:\/\/spczesniki.pl\/index.php\/wp-json\/wp\/v2\/media?parent=17693"}],"curies":[{"name":"wp","href":"https:\/\/api.w.org\/{rel}","templated":true}]}}