{"id":17665,"date":"2023-10-25T18:41:12","date_gmt":"2023-10-25T18:41:12","guid":{"rendered":"https:\/\/spczesniki.pl\/?page_id=17665"},"modified":"2023-10-27T17:08:12","modified_gmt":"2023-10-27T17:08:12","slug":"spotkania-i-prelekcje","status":"publish","type":"page","link":"https:\/\/spczesniki.pl\/index.php\/mala-ekologia-na-co-dzien\/spotkania-i-prelekcje\/","title":{"rendered":"Spotkania i prelekcje"},"content":{"rendered":"<p>Spotkania i prelekcje dotycz\u0105ce dzia\u0142a\u0144 ekologicznych<\/p>\n<p><img fetchpriority=\"high\" decoding=\"async\" class=\"alignnone size-medium wp-image-17666\" src=\"https:\/\/spczesniki.pl\/wp-content\/uploads\/2023\/10\/received_1984827966138431-225x300.jpeg\" alt=\"\" width=\"225\" height=\"300\" srcset=\"https:\/\/spczesniki.pl\/wp-content\/uploads\/2023\/10\/received_1984827966138431-225x300.jpeg 225w, https:\/\/spczesniki.pl\/wp-content\/uploads\/2023\/10\/received_1984827966138431-768x1024.jpeg 768w, https:\/\/spczesniki.pl\/wp-content\/uploads\/2023\/10\/received_1984827966138431-1152x1536.jpeg 1152w, https:\/\/spczesniki.pl\/wp-content\/uploads\/2023\/10\/received_1984827966138431.jpeg 1536w\" sizes=\"(max-width: 225px) 100vw, 225px\" \/> <img decoding=\"async\" class=\"alignnone size-medium wp-image-17667\" src=\"https:\/\/spczesniki.pl\/wp-content\/uploads\/2023\/10\/received_13487345760181171-225x300.jpeg\" alt=\"\" width=\"225\" height=\"300\" srcset=\"https:\/\/spczesniki.pl\/wp-content\/uploads\/2023\/10\/received_13487345760181171-225x300.jpeg 225w, https:\/\/spczesniki.pl\/wp-content\/uploads\/2023\/10\/received_13487345760181171-768x1024.jpeg 768w, https:\/\/spczesniki.pl\/wp-content\/uploads\/2023\/10\/received_13487345760181171-1152x1536.jpeg 1152w, https:\/\/spczesniki.pl\/wp-content\/uploads\/2023\/10\/received_13487345760181171.jpeg 1536w\" sizes=\"(max-width: 225px) 100vw, 225px\" \/><img decoding=\"async\" class=\"alignnone size-medium wp-image-17668\" src=\"https:\/\/spczesniki.pl\/wp-content\/uploads\/2023\/10\/received_12711537369032762-225x300.jpeg\" alt=\"\" width=\"225\" height=\"300\" srcset=\"https:\/\/spczesniki.pl\/wp-content\/uploads\/2023\/10\/received_12711537369032762-225x300.jpeg 225w, https:\/\/spczesniki.pl\/wp-content\/uploads\/2023\/10\/received_12711537369032762-768x1024.jpeg 768w, https:\/\/spczesniki.pl\/wp-content\/uploads\/2023\/10\/received_12711537369032762-1152x1536.jpeg 1152w, https:\/\/spczesniki.pl\/wp-content\/uploads\/2023\/10\/received_12711537369032762.jpeg 1536w\" sizes=\"(max-width: 225px) 100vw, 225px\" \/> <img loading=\"lazy\" decoding=\"async\" class=\"alignnone wp-image-17707\" src=\"https:\/\/spczesniki.pl\/wp-content\/uploads\/2023\/10\/1prel-300x200.jpg\" alt=\"\" width=\"296\" height=\"197\" srcset=\"https:\/\/spczesniki.pl\/wp-content\/uploads\/2023\/10\/1prel-300x200.jpg 300w, https:\/\/spczesniki.pl\/wp-content\/uploads\/2023\/10\/1prel-1024x683.jpg 1024w, https:\/\/spczesniki.pl\/wp-content\/uploads\/2023\/10\/1prel-768x512.jpg 768w, https:\/\/spczesniki.pl\/wp-content\/uploads\/2023\/10\/1prel-1536x1024.jpg 1536w, https:\/\/spczesniki.pl\/wp-content\/uploads\/2023\/10\/1prel-2048x1365.jpg 2048w\" sizes=\"(max-width: 296px) 100vw, 296px\" \/><\/p>\n","protected":false},"excerpt":{"rendered":"<p>Spotkania i prelekcje dotycz\u0105ce dzia\u0142a\u0144 ekologicznych<\/p>\n","protected":false},"author":2,"featured_media":0,"parent":17634,"menu_order":0,"comment_status":"closed","ping_status":"closed","template":"","meta":{"ngg_post_thumbnail":0,"footnotes":""},"class_list":["post-17665","page","type-page","status-publish","hentry"],"_links":{"self":[{"href":"https:\/\/spczesniki.pl\/index.php\/wp-json\/wp\/v2\/pages\/17665","targetHints":{"allow":["GET"]}}],"collection":[{"href":"https:\/\/spczesniki.pl\/index.php\/wp-json\/wp\/v2\/pages"}],"about":[{"href":"https:\/\/spczesniki.pl\/index.php\/wp-json\/wp\/v2\/types\/page"}],"author":[{"embeddable":true,"href":"https:\/\/spczesniki.pl\/index.php\/wp-json\/wp\/v2\/users\/2"}],"replies":[{"embeddable":true,"href":"https:\/\/spczesniki.pl\/index.php\/wp-json\/wp\/v2\/comments?post=17665"}],"version-history":[{"count":5,"href":"https:\/\/spczesniki.pl\/index.php\/wp-json\/wp\/v2\/pages\/17665\/revisions"}],"predecessor-version":[{"id":17741,"href":"https:\/\/spczesniki.pl\/index.php\/wp-json\/wp\/v2\/pages\/17665\/revisions\/17741"}],"up":[{"embeddable":true,"href":"https:\/\/spczesniki.pl\/index.php\/wp-json\/wp\/v2\/pages\/17634"}],"wp:attachment":[{"href":"https:\/\/spczesniki.pl\/index.php\/wp-json\/wp\/v2\/media?parent=17665"}],"curies":[{"name":"wp","href":"https:\/\/api.w.org\/{rel}","templated":true}]}}