{"id":17658,"date":"2023-10-25T18:08:40","date_gmt":"2023-10-25T18:08:40","guid":{"rendered":"https:\/\/spczesniki.pl\/?page_id=17658"},"modified":"2023-10-27T17:04:16","modified_gmt":"2023-10-27T17:04:16","slug":"organizacja-pikniku-ekologicznego-2","status":"publish","type":"page","link":"https:\/\/spczesniki.pl\/index.php\/mala-ekologia-na-co-dzien\/organizacja-pikniku-ekologicznego-2\/","title":{"rendered":"Organizacja &#8222;Pikniku ekologicznego&#8221;"},"content":{"rendered":"<p>Organizacja &#8222;Pikniku ekologicznego&#8221; w celu integracji spo\u0142ecze\u0144stwa i przedstawienia wsp\u00f3lnych postulat\u00f3w ekologicznych<\/p>\n<p><img fetchpriority=\"high\" decoding=\"async\" class=\"alignnone size-medium wp-image-17654\" src=\"https:\/\/spczesniki.pl\/wp-content\/uploads\/2023\/10\/2-300x200.jpg\" alt=\"\" width=\"300\" height=\"200\" srcset=\"https:\/\/spczesniki.pl\/wp-content\/uploads\/2023\/10\/2-300x200.jpg 300w, https:\/\/spczesniki.pl\/wp-content\/uploads\/2023\/10\/2-1024x683.jpg 1024w, https:\/\/spczesniki.pl\/wp-content\/uploads\/2023\/10\/2-768x512.jpg 768w, https:\/\/spczesniki.pl\/wp-content\/uploads\/2023\/10\/2-1536x1024.jpg 1536w, https:\/\/spczesniki.pl\/wp-content\/uploads\/2023\/10\/2-2048x1365.jpg 2048w\" sizes=\"(max-width: 300px) 100vw, 300px\" \/><img decoding=\"async\" class=\"alignnone size-medium wp-image-17655\" src=\"https:\/\/spczesniki.pl\/wp-content\/uploads\/2023\/10\/3-300x200.jpg\" alt=\"\" width=\"300\" height=\"200\" srcset=\"https:\/\/spczesniki.pl\/wp-content\/uploads\/2023\/10\/3-300x200.jpg 300w, https:\/\/spczesniki.pl\/wp-content\/uploads\/2023\/10\/3-1024x683.jpg 1024w, https:\/\/spczesniki.pl\/wp-content\/uploads\/2023\/10\/3-768x512.jpg 768w, https:\/\/spczesniki.pl\/wp-content\/uploads\/2023\/10\/3-1536x1024.jpg 1536w, https:\/\/spczesniki.pl\/wp-content\/uploads\/2023\/10\/3-2048x1365.jpg 2048w\" sizes=\"(max-width: 300px) 100vw, 300px\" \/> <img decoding=\"async\" class=\"alignnone size-medium wp-image-17653\" src=\"https:\/\/spczesniki.pl\/wp-content\/uploads\/2023\/10\/1-300x200.jpg\" alt=\"\" width=\"300\" height=\"200\" srcset=\"https:\/\/spczesniki.pl\/wp-content\/uploads\/2023\/10\/1-300x200.jpg 300w, https:\/\/spczesniki.pl\/wp-content\/uploads\/2023\/10\/1-1024x683.jpg 1024w, https:\/\/spczesniki.pl\/wp-content\/uploads\/2023\/10\/1-768x512.jpg 768w, https:\/\/spczesniki.pl\/wp-content\/uploads\/2023\/10\/1-1536x1024.jpg 1536w, https:\/\/spczesniki.pl\/wp-content\/uploads\/2023\/10\/1-2048x1365.jpg 2048w\" sizes=\"(max-width: 300px) 100vw, 300px\" \/><\/p>\n","protected":false},"excerpt":{"rendered":"<p>Organizacja &#8222;Pikniku ekologicznego&#8221; w celu integracji spo\u0142ecze\u0144stwa i przedstawienia wsp\u00f3lnych postulat\u00f3w ekologicznych<\/p>\n","protected":false},"author":2,"featured_media":0,"parent":17634,"menu_order":0,"comment_status":"closed","ping_status":"closed","template":"","meta":{"ngg_post_thumbnail":0,"footnotes":""},"class_list":["post-17658","page","type-page","status-publish","hentry"],"_links":{"self":[{"href":"https:\/\/spczesniki.pl\/index.php\/wp-json\/wp\/v2\/pages\/17658","targetHints":{"allow":["GET"]}}],"collection":[{"href":"https:\/\/spczesniki.pl\/index.php\/wp-json\/wp\/v2\/pages"}],"about":[{"href":"https:\/\/spczesniki.pl\/index.php\/wp-json\/wp\/v2\/types\/page"}],"author":[{"embeddable":true,"href":"https:\/\/spczesniki.pl\/index.php\/wp-json\/wp\/v2\/users\/2"}],"replies":[{"embeddable":true,"href":"https:\/\/spczesniki.pl\/index.php\/wp-json\/wp\/v2\/comments?post=17658"}],"version-history":[{"count":6,"href":"https:\/\/spczesniki.pl\/index.php\/wp-json\/wp\/v2\/pages\/17658\/revisions"}],"predecessor-version":[{"id":17740,"href":"https:\/\/spczesniki.pl\/index.php\/wp-json\/wp\/v2\/pages\/17658\/revisions\/17740"}],"up":[{"embeddable":true,"href":"https:\/\/spczesniki.pl\/index.php\/wp-json\/wp\/v2\/pages\/17634"}],"wp:attachment":[{"href":"https:\/\/spczesniki.pl\/index.php\/wp-json\/wp\/v2\/media?parent=17658"}],"curies":[{"name":"wp","href":"https:\/\/api.w.org\/{rel}","templated":true}]}}